{"id":8954,"date":"2022-02-10T19:17:19","date_gmt":"2022-02-10T18:17:19","guid":{"rendered":"https:\/\/editorialmedusa.com\/politica-de-privadesa\/"},"modified":"2022-04-29T08:43:32","modified_gmt":"2022-04-29T07:43:32","slug":"politica-de-privacidad","status":"publish","type":"page","link":"https:\/\/editorialmedusa.com\/es\/politica-de-privacidad\/","title":{"rendered":"Pol\u00edtica de privacidad"},"content":{"rendered":"\r\n<p><strong>Dades del responsable del tractament:<\/strong><\/p>\r\n<p>Identitat: Medusa Books, SL \u2013 NIF: B67777334<br \/>Direcci\u00f3 postal: Crta. Martinet, 3 \u2013 25725 Montell\u00e0<br \/>Tel\u00e8fon: 625590282 \u2013 Correu electr\u00f2nic: info@editorialmedusa.com<\/p>\r\n<p>A Medusa Books SL tractem la informaci\u00f3 que ens facilita amb la finalitat de prestar el servei sol\u00b7licitat i realitzar la seva facturaci\u00f3. Les dades proporcionades es conservaran mentre es mantingui la relaci\u00f3 comercial o durant el temps necessari per complir amb les obligacions legals i atendre possibles responsabilitats que poguessin derivar del compliment de la finalitat per a la qual les dades han estat recollides. Les dades no se cediran a tercers a excepci\u00f3 d\u2019aquells casos en qu\u00e8 existeixi una obligaci\u00f3 legal. Vost\u00e8 t\u00e9 dret a obtenir informaci\u00f3 sobre si a Medusa Books, SL estem tractant les seves dades personals i, per tant, pot exercir els seus drets d\u2019acc\u00e9s, rectificaci\u00f3, supressi\u00f3 i portabilitat de dades i oposici\u00f3 i limitaci\u00f3 al seu tractament davant Medusa Books, SL, Crta. Martinet, 3 \u2013 25725 Montell\u00e0), o a l\u2019adre\u00e7a de correu electr\u00f2nic info@editorialmedusa.com, adjuntant c\u00f2pia del seu DNI o document equivalent. Aix\u00ed mateix, i especialment si considera que no ha obtingut satisfacci\u00f3 plena en l\u2019exercici dels seus drets, podr\u00e0 presentar una reclamaci\u00f3 davant l\u2019autoritat nacional de control dirigint-se a aquests efectes a l\u2019Ag\u00e8ncia Espanyola de Protecci\u00f3 de Dades, C\/ Jorge Juan, 6 \u2013 28001 Madrid.<\/p>\r\n<p>Aix\u00ed mateix, sol\u00b7licitem la seva autoritzaci\u00f3 per oferir-li productes i serveis relacionats amb els contractats i fidelitzar-lo com a client.<\/p>\r\n<p>&nbsp;<\/p>\r\n<p><strong>Termes i condicions de venda i protecci\u00f3 de dades<\/strong><\/p>\r\n<p>Medusa Books ofereix la possibilitat d\u2019adquirir els seus llibres a trav\u00e9s de la p\u00e0gina web www.editorialmedusa.com, els quals seran enviats a l\u2019adre\u00e7a indicada per part de la persona compradora un cop hagi estat validat el pagament. L\u2019adquisici\u00f3 dels nostres llibres a trav\u00e9s d\u2019aquesta p\u00e0gina suposa l\u2019acceptaci\u00f3 dels termes, condicions de venda i pol\u00edtica de protecci\u00f3 de dades que s\u2019indiquen a continuaci\u00f3 i que s\u00f3n vigents durant tot el proc\u00e9s de compra.<\/p>\r\n<p>&nbsp;<\/p>\r\n<p><span style=\"color: #ff0000;\"><strong>COMPRA DE LLIBRES<\/strong><\/span><\/p>\r\n<p>Els llibres que s\u2019ofereixen en aquesta web s\u00f3n propietat de Medusa Books SL, empresa que en fixa el preu de venda al p\u00fablic (PVP) i les condicions d\u2019adquisici\u00f3 i enviament en funci\u00f3 de les indicacions de la persona compradora. Cada tramesa t\u00e9 un cost de 2,99\u20ac, que assumeix el client a l\u2019hora de realitzar la compra. Per compres superiors a 25\u20ac, l\u2019enviament \u00e9s gratu\u00eft. El termini d\u2019entrega \u00e9s de 5 dies h\u00e0bils a comptar a partir de l\u2019endem\u00e0 del pagament del producte adquirit.\u00a0<\/p>\r\n<p>&nbsp;<\/p>\r\n<p><span style=\"color: #ff0000;\"><strong>PROC\u00c9S D\u2019ADQUISICI\u00d3 DE PRODUCTES<\/strong><\/span><\/p>\r\n<p>Per comprar els nostres llibres cal seleccionar els productes desitjats, els quals seran afegits a la cistella. Per procedir a la finalitzaci\u00f3 de la compra, cal procedir a validar la cistella on hi apareixen el producte o els productes que s\u2019hagin seleccionat. Per finalitzar l\u2019operaci\u00f3 caldr\u00e0 aportar diverses dades (nom i cognom, adre\u00e7a -d\u2019enviament i de facturaci\u00f3-, correu electr\u00f2nic, dades banc\u00e0ries pertinents per procedir al pagament de la compra, entre d\u2019altres). Qui ho desitgi podr\u00e0 registrar tamb\u00e9 un compte de client. Sobre la nostra pol\u00edtica de protecci\u00f3 de dades, vegeu m\u00e9s avall.<\/p>\r\n<p>&nbsp;<\/p>\r\n<p><span style=\"color: #ff0000;\"><strong>FORMA DE PAGAMENT<\/strong><\/span><\/p>\r\n<p>El pagament es far\u00e0 a Medusa Books mitjan\u00e7ant targeta banc\u00e0ria o transfer\u00e8ncia banc\u00e0ria per un total del 100% del PVP m\u00e9s despeses d\u2019enviament (si s\u2019escau). Les possibles despeses que hi pugui haver relacionades amb els pagaments efectuats fora del territori d\u2019emissi\u00f3 de la targeta banc\u00e0ria i altres comissions banc\u00e0ries aniran a c\u00e0rrec del client. Durant el pagament, les dades bancaries protegides per xifrat no transitaran pels sistemes de Medusa Books, i per tant no quedaran en la seva possessi\u00f3.<\/p>\r\n<p>&nbsp;<\/p>\r\n<p><span style=\"color: #ff0000;\"><strong>CONTRACTE DE COMPRA<\/strong><\/span><\/p>\r\n<p>La compra ser\u00e0 efectiva a partir del moment en qu\u00e8 s\u2019hagi efectuat el cobrament estipulat per part de Medusa Books, aix\u00ed com a trav\u00e9s de la recepci\u00f3 d\u2019un correu electr\u00f2nic de confirmaci\u00f3 al client que inclour\u00e0 el detall del producte o productes adquirits.<\/p>\r\n<p>&nbsp;<\/p>\r\n<p><span style=\"color: #ff0000;\"><strong>DURADA DEL CONTRACTE DE VENDA<\/strong><\/span><\/p>\r\n<p>El contracte de venda i les condicions que aqu\u00ed s\u00f3n detallades tenen vig\u00e8ncia des del moment en qu\u00e8 la persona compradora ha validat la compra del producte o productes i fins que aquest ha estat entregat segons les indicacions del client.<\/p>\r\n<p>&nbsp;<\/p>\r\n<p><span style=\"color: #ff0000;\"><strong>CONDICIONS DE CANCEL\u00b7LACI\u00d3<\/strong><\/span><\/p>\r\n<p>Es pot cancel\u00b7lar la compra durant els 15 minuts posteriors a la seva validaci\u00f3 i pagament a trav\u00e9s d\u2019un correu electr\u00f2nic enviat a info@editorialmedusa.com on s\u2019indicar\u00e0 el producte adquirit i la refer\u00e8ncia del correu electr\u00f2nic rebut de Medusa Books per part de la persona compradora. En aquest cas, Medusa Books retornar\u00e0 el 100% de la quantitat cobrada a la persona compradora. A partir d\u2019aquest moment, la compra es considerar\u00e0 en ferm i ja no podr\u00e0 ser cancel\u00b7lada.<\/p>\r\n<p>&nbsp;<\/p>\r\n<p><span style=\"color: #ff0000;\"><strong>CONDICIONS DE DEVOLUCI\u00d3<\/strong><\/span><\/p>\r\n<p>El client podr\u00e0 retornar el producte adquirit fins a un m\u00e0xim de 15 dies h\u00e0bils despr\u00e9s de la seva recepci\u00f3 enviant-lo, amb les mateixes condicions en qu\u00e8 li fou entregat, a l\u2019adre\u00e7a crta. Martinet, 3 \u2013 25725 Montell\u00e0 \u2013 Lleida. Un cop rebut el producte retornat, i comprovat l\u2019estat \u00f2ptim del mateix, Medusa Books far\u00e0 devoluci\u00f3 de l\u2019import (PVP) pagat per la persona compradora en el moment d\u2019adquirir el producte. El reemborsament es far\u00e0 a trav\u00e9s de transfer\u00e8ncia banc\u00e0ria al n\u00famero de compte que indiqui el client a l\u2019hora de fer la devoluci\u00f3 en un termini de 5 dies h\u00e0bils. Medusa Books no es fa responsable dels costos de tramesa del producte en el proc\u00e9s de devoluci\u00f3 ni de la seva p\u00e8rdua o danys durant aquest proc\u00e9s.<\/p>\r\n<p>&nbsp;<\/p>\r\n<p><span style=\"color: #ff0000;\"><strong>PROTECCI\u00d3 DE DADES PERSONALS I DRETS DE L\u2019USUARI<\/strong><\/span><\/p>\r\n<p>A Medusa Books SL tractem la informaci\u00f3 que ens facilita amb la finalitat de prestar el servei sol\u00b7licitat i realitzar la seva facturaci\u00f3. Les dades proporcionades es conservaran mentre es mantingui la relaci\u00f3 comercial o durant el temps necessari per complir amb les obligacions legals i atendre possibles responsabilitats que poguessin derivar del compliment de la finalitat per a la qual les dades han estat recollides. Les dades no se cediran a tercers a excepci\u00f3 d\u2019aquells casos en qu\u00e8 existeixi una obligaci\u00f3 legal. Vost\u00e8 t\u00e9 dret a obtenir informaci\u00f3 sobre si a Medusa Books, SL estem tractant les seves dades personals i, per tant, pot exercir els seus drets d\u2019acc\u00e9s, rectificaci\u00f3, supressi\u00f3 i portabilitat de dades i oposici\u00f3 i limitaci\u00f3 al seu tractament davant Medusa Books, SL, Crta. Martinet, 3 \u2013 25725 Montell\u00e0), o a l\u2019adre\u00e7a de correu electr\u00f2nic info@editorialmedusa.com, adjuntant c\u00f2pia del seu DNI o document equivalent. Aix\u00ed mateix, i especialment si considera que no ha obtingut satisfacci\u00f3 plena en l\u2019exercici dels seus drets, podr\u00e0 presentar una reclamaci\u00f3 davant l\u2019autoritat nacional de control dirigint-se a aquests efectes a l\u2019Ag\u00e8ncia Espanyola de Protecci\u00f3 de Dades, C\/ Jorge Juan, 6 \u2013 28001 Madrid.<\/p>\r\n<p>Medusa Books SL es reserva en tot moment el dret de modificar les dades de la p\u00e0gina web mitjan\u00e7ant l\u2019actualitzaci\u00f3 de la mateixa. Medusa Books no podr\u00e0 ser considerat responsable per qualsevol dany, directe o indirectament, que resulti d\u2019alguna informaci\u00f3 de continguts a la web. L\u2019usuari es compromet a no utilitzar en aquesta p\u00e0gina web informaci\u00f3 que pugui comportar responsabilitat civil o penal i es compromet aix\u00ed mateix a no difondre a trav\u00e9s de la p\u00e0gina web informaci\u00f3 il\u00b7legal o falsa, contr\u00e0ria a l\u2019ordre p\u00fablic o difamat\u00f2ria.<\/p>\r\n<p><strong>Per a m\u00e9s informaci\u00f3, contacteu-nos a info@editorialmedusa.com o al (00376)687993.<\/strong><\/p>\r\n","protected":false},"excerpt":{"rendered":"<p>Dades del responsable del tractament: Identitat: Medusa Books, SL \u2013 NIF: B67777334Direcci\u00f3 postal: Crta. Martinet, 3 \u2013 25725 Montell\u00e0Tel\u00e8fon: 625590282 \u2013 Correu electr\u00f2nic: info@editorialmedusa.com A Medusa Books SL tractem la informaci\u00f3 que ens facilita amb la finalitat de prestar el servei sol\u00b7licitat i realitzar la seva facturaci\u00f3. Les dades proporcionades es conservaran mentre es mantingui [&hellip;]<\/p>\n","protected":false},"author":1,"featured_media":0,"parent":0,"menu_order":0,"comment_status":"closed","ping_status":"open","template":"","meta":{"footnotes":""},"class_list":["post-8954","page","type-page","status-publish","hentry"],"_links":{"self":[{"href":"https:\/\/editorialmedusa.com\/es\/wp-json\/wp\/v2\/pages\/8954","targetHints":{"allow":["GET"]}}],"collection":[{"href":"https:\/\/editorialmedusa.com\/es\/wp-json\/wp\/v2\/pages"}],"about":[{"href":"https:\/\/editorialmedusa.com\/es\/wp-json\/wp\/v2\/types\/page"}],"author":[{"embeddable":true,"href":"https:\/\/editorialmedusa.com\/es\/wp-json\/wp\/v2\/users\/1"}],"replies":[{"embeddable":true,"href":"https:\/\/editorialmedusa.com\/es\/wp-json\/wp\/v2\/comments?post=8954"}],"version-history":[{"count":2,"href":"https:\/\/editorialmedusa.com\/es\/wp-json\/wp\/v2\/pages\/8954\/revisions"}],"predecessor-version":[{"id":8961,"href":"https:\/\/editorialmedusa.com\/es\/wp-json\/wp\/v2\/pages\/8954\/revisions\/8961"}],"wp:attachment":[{"href":"https:\/\/editorialmedusa.com\/es\/wp-json\/wp\/v2\/media?parent=8954"}],"curies":[{"name":"wp","href":"https:\/\/api.w.org\/{rel}","templated":true}]}}