{"id":8973,"date":"2022-09-13T17:03:15","date_gmt":"2022-09-13T16:03:15","guid":{"rendered":"https:\/\/editorialmedusa.com\/politica-cookies\/"},"modified":"2022-04-29T09:24:27","modified_gmt":"2022-04-29T08:24:27","slug":"politica-cookies","status":"publish","type":"page","link":"https:\/\/editorialmedusa.com\/es\/politica-cookies\/","title":{"rendered":"Pol\u00edtica de Cookies"},"content":{"rendered":"<div class=\"cli_pg_page_contaner\">\n<h2><strong>Acerca de nuestra pol\u00edtica de cookies<\/strong><\/h2>\n<p>Esta Pol\u00edtica de cookies explica qu\u00e9 son las cookies y c\u00f3mo las utilizamos, los tipos de cookies que utilizamos, es decir, la informaci\u00f3n que recopilamos mediante las cookies y c\u00f3mo se utiliza esta informaci\u00f3n y c\u00f3mo controlar las preferencias de las cookies. Para obtener m\u00e1s informaci\u00f3n sobre c\u00f3mo utilizamos, almacenar y proteger sus datos personales, consulte nuestra Pol\u00edtica de privacidad. En cualquier momento puede cambiar o retirar su consentimiento de la Declaraci\u00f3n de cookies de nuestro sitio web. Obtenga m\u00e1s informaci\u00f3n sobre qui\u00e9nes somos, como puede contactar con nosotros y c\u00f3mo procesamos los datos personales en nuestra Pol\u00edtica de privacidad. Su consentimiento se aplica a los siguientes dominios: editorialmedusa.com<div class=\"cli_user_consent_state\">Tu estado actual: No se ha dado el consentimiento. <a class=\"cli_manage_current_consent\" style=\"cursor:pointer;text-decoration:underline;\">Gestiona tu consentimiento.<\/a> <\/div>\n<p><strong>\u00bfQu\u00e9 son las galletas?<\/strong><\/p>\n<p>Las cookies son peque\u00f1os archivos de texto que se utilizan para almacenar peque\u00f1as piezas de informaci\u00f3n. Se almacenan en su dispositivo cuando el sitio web se carga en su navegador. Estas cookies nos ayudan a que el sitio web funcione correctamente, a hacerlo m\u00e1s seguro, a ofrecer una mejor experiencia de usuario ya entender c\u00f3mo funciona el sitio web y analizar qu\u00e9 funciona y d\u00f3nde mejorar.<\/p>\n<p><strong>\u00bfC\u00f3mo utilizamos las cookies?<\/strong><\/p>\n<p>Como la mayor\u00eda de los servicios online, nuestro sitio web utiliza cookies propias y de terceros para diversos prop\u00f3sitos. Las cookies propias son b\u00e1sicamente necesarias para que el sitio web funcione correctamente y no recogen ninguno de sus datos de identificaci\u00f3n personal.<\/p>\n<p>Las cookies de terceros que se utilizan en nuestro sitio web son principalmente para entender c\u00f3mo funciona el sitio web, c\u00f3mo interact\u00faa con nuestro sitio web, mantener nuestros servicios seguros, ofrecer anuncios que le sean relevantes y, todo ello, ofrecerle un usuario mejor y mejorado. experiencia y ayude a acelerar sus futuras interacciones con nuestro sitio web.<\/p>\n<p><strong>\u00bfQu\u00e9 tipos de cookies utilizamos?<\/strong><\/p>\n<p>Esencial: algunas cookies son esenciales para que pueda disfrutar de la funcionalidad completa de nuestro sitio. Nos permiten mantener las sesiones de los usuarios y prevenir cualquier amenaza de seguridad. No recogen ni almacenan informaci\u00f3n personal alguna. Por ejemplo, estas cookies le permiten iniciar sesi\u00f3n en su cuenta y a\u00f1adir productos a su cesta y hacer la compra de forma segura.<\/p>\n<p>Estad\u00edsticas: estas cookies almacenan informaci\u00f3n como el n\u00famero de visitantes en el sitio web, el n\u00famero de visitantes \u00fanicos, qu\u00e9 p\u00e1ginas del sitio web se han visitado, el origen de la visita, etc. Estos datos nos ayudan a entender y analizar el buen rendimiento del sitio web. y d\u00f3nde hay que mejorar.<\/p>\n<p>Funcionales: son las cookies que ayudan a determinadas funcionalidades no esenciales de nuestro sitio web. Estas funcionalidades incluyen incrustar contenido como v\u00eddeos o compartir contenido del sitio web en plataformas de redes sociales.<\/p>\n<p>Preferencias: estas cookies nos ayudan a almacenar su configuraci\u00f3n y preferencias de navegaci\u00f3n, como las preferencias de idioma, para que tenga una experiencia mejor y eficiente en futuras visitas al sitio web.<\/p>\n\n<p><strong>\u00bfC\u00f3mo puedo controlar las preferencias de cookies?<\/strong><\/p>\n<p>Si decides cambiar tus preferencias m\u00e1s tarde durante tu sesi\u00f3n de navegaci\u00f3n, puedes hacer clic en la pesta\u00f1a &#8220;Pol\u00edtica de privacidad y cookies&#8221; en tu pantalla. Esto volver\u00e1 a mostrar el aviso de consentimiento que le permitir\u00e1 cambiar sus preferencias o retirar su consentimiento completamente.<\/p>\n<p>Adem\u00e1s de esto, distintos navegadores ofrecen distintos m\u00e9todos para bloquear y eliminar las cookies utilizadas por los sitios web. Puede cambiar la configuraci\u00f3n de su navegador para bloquear\/eliminar las cookies. Para obtener m\u00e1s informaci\u00f3n sobre c\u00f3mo gestionar y eliminar las cookies, visite wikipedia.org, www.allaboutcookies.org.<\/p>\n<\/div>\n","protected":false},"excerpt":{"rendered":"<p>Acerca de nuestra pol\u00edtica de cookies Esta Pol\u00edtica de cookies explica qu\u00e9 son las cookies y c\u00f3mo las utilizamos, los tipos de cookies que utilizamos, es decir, la informaci\u00f3n que recopilamos mediante las cookies y c\u00f3mo se utiliza esta informaci\u00f3n y c\u00f3mo controlar las preferencias de las cookies. Para obtener m\u00e1s informaci\u00f3n sobre c\u00f3mo utilizamos, [&hellip;]<\/p>\n","protected":false},"author":1,"featured_media":0,"parent":0,"menu_order":0,"comment_status":"closed","ping_status":"closed","template":"","meta":{"footnotes":""},"class_list":["post-8973","page","type-page","status-publish","hentry"],"_links":{"self":[{"href":"https:\/\/editorialmedusa.com\/es\/wp-json\/wp\/v2\/pages\/8973","targetHints":{"allow":["GET"]}}],"collection":[{"href":"https:\/\/editorialmedusa.com\/es\/wp-json\/wp\/v2\/pages"}],"about":[{"href":"https:\/\/editorialmedusa.com\/es\/wp-json\/wp\/v2\/types\/page"}],"author":[{"embeddable":true,"href":"https:\/\/editorialmedusa.com\/es\/wp-json\/wp\/v2\/users\/1"}],"replies":[{"embeddable":true,"href":"https:\/\/editorialmedusa.com\/es\/wp-json\/wp\/v2\/comments?post=8973"}],"version-history":[{"count":1,"href":"https:\/\/editorialmedusa.com\/es\/wp-json\/wp\/v2\/pages\/8973\/revisions"}],"predecessor-version":[{"id":8974,"href":"https:\/\/editorialmedusa.com\/es\/wp-json\/wp\/v2\/pages\/8973\/revisions\/8974"}],"wp:attachment":[{"href":"https:\/\/editorialmedusa.com\/es\/wp-json\/wp\/v2\/media?parent=8973"}],"curies":[{"name":"wp","href":"https:\/\/api.w.org\/{rel}","templated":true}]}}