{"id":8669,"date":"2022-01-31T08:38:06","date_gmt":"2022-01-31T07:38:06","guid":{"rendered":"https:\/\/editorialmedusa.com\/producte\/fantasia-fertil\/"},"modified":"2023-09-05T11:56:03","modified_gmt":"2023-09-05T10:56:03","slug":"fantasia-fertil","status":"publish","type":"product","link":"https:\/\/editorialmedusa.com\/es\/producte\/fantasia-fertil\/","title":{"rendered":"Fantas\u00eda f\u00e9rtil"},"content":{"rendered":"<p style=\"text-align: center;\">T\u00edtulo: <em>Fantas\u00eda f\u00e9rtil<br \/>\n<\/em>Autora: Mar\u00eda Cristina Hall<br \/>\nISBN: 978-84-192020-3-1<br \/>\nPVP:\u00a0 13 \u20ac (impuestos incluidos)<br \/>\nEdita: Medusa<br \/>\nA\u00f1o de edici\u00f3n: 2022<br \/>\nP\u00e1ginas: 120 p.<br \/>\nColecci\u00f3n: <em>Malagua<\/em>, 1<br \/>\nIdioma: Castellano<br \/>\nFormato: tapa blanda, con solapas, 16,5 x 11 cm<br \/>\nEncuadernaci\u00f3n: R\u00fastica cosida<br \/>\nEn stock: S\u00ed<\/p>\n<hr \/>\n<h3><\/h3>\n<h3 style=\"text-align: center;\">Leer un fragmento del libro<\/h3>\n<p style=\"text-align: center;\"><a href=\"https:\/\/editorialmedusa.com\/wp-content\/uploads\/2018\/10\/Fantasia-fertil_tripa_fragment-2.pdf\" target=\"_blank\" rel=\"noopener\"><img loading=\"lazy\" decoding=\"async\" class=\"wp-image-8843 size-medium aligncenter\" src=\"https:\/\/editorialmedusa.com\/wp-content\/uploads\/2018\/10\/portada-lectura-fantasia-fertil-1-201x300.jpg\" alt=\"\" width=\"201\" height=\"300\" \/><\/a><\/p>\n","protected":false},"excerpt":{"rendered":"<p>Mar\u00eda Cristina Hall llega a Espa\u00f1a desde M\u00e9xico para desplegar su voz hipn\u00f3tica como poeta y narradora en este libro de engarces que se mueve entre lo delicado y lo brutal, entre el deseo, la vigilia, la psicodelia y el sue\u00f1o. <em>Fantas\u00eda f\u00e9rtil <\/em>contiene\u00a0 poemas, poes\u00eda en prosa, prosa po\u00e9tica, relato, cr\u00f3nica de viaje y diario de sue\u00f1os. Supone una reescritura del canon de la que emerge un canto de visiones polif\u00f3nico marcadamente personal y \u00fanico.<\/p>\n","protected":false},"featured_media":8533,"template":"","meta":[],"product_cat":[87],"product_tag":[102,103,104],"class_list":{"0":"post-8669","1":"product","2":"type-product","3":"status-publish","4":"has-post-thumbnail","6":"product_author-maria-cristina-hall","7":"product_cat-malagua","8":"product_tag-poema-es","9":"product_tag-prosa-es","10":"product_tag-prosa-poetica-es","13":"first","14":"instock","15":"featured","16":"taxable","17":"shipping-taxable","18":"purchasable","19":"product-type-simple"},"_links":{"self":[{"href":"https:\/\/editorialmedusa.com\/es\/wp-json\/wp\/v2\/product\/8669","targetHints":{"allow":["GET"]}}],"collection":[{"href":"https:\/\/editorialmedusa.com\/es\/wp-json\/wp\/v2\/product"}],"about":[{"href":"https:\/\/editorialmedusa.com\/es\/wp-json\/wp\/v2\/types\/product"}],"wp:featuredmedia":[{"embeddable":true,"href":"https:\/\/editorialmedusa.com\/es\/wp-json\/wp\/v2\/media\/8533"}],"wp:attachment":[{"href":"https:\/\/editorialmedusa.com\/es\/wp-json\/wp\/v2\/media?parent=8669"}],"wp:term":[{"taxonomy":"product_cat","embeddable":true,"href":"https:\/\/editorialmedusa.com\/es\/wp-json\/wp\/v2\/product_cat?post=8669"},{"taxonomy":"product_tag","embeddable":true,"href":"https:\/\/editorialmedusa.com\/es\/wp-json\/wp\/v2\/product_tag?post=8669"}],"curies":[{"name":"wp","href":"https:\/\/api.w.org\/{rel}","templated":true}]}}