{"id":9039,"date":"2022-06-30T12:08:10","date_gmt":"2022-06-30T11:08:10","guid":{"rendered":"https:\/\/editorialmedusa.com\/?post_type=product&#038;p=9039"},"modified":"2023-09-05T11:45:40","modified_gmt":"2023-09-05T10:45:40","slug":"quatre-dones-del-setze-2","status":"publish","type":"product","link":"https:\/\/editorialmedusa.com\/es\/producte\/quatre-dones-del-setze-2\/","title":{"rendered":"Quatre dones del setze"},"content":{"rendered":"<p style=\"text-align: center;\">T\u00edtulo: <em>Quatre dones del setze<br \/>\n<\/em>Autor: Laia de Ahumada<br \/>\nISBN: 978-84-19202-06-2<br \/>\nPVP:\u00a0 14 \u20ac (impuestos incluidos)<br \/>\nEdita: Medusa<br \/>\nA\u00f1o de edici\u00f3n: 2022<br \/>\nP\u00e1ginas: 184 p.<br \/>\nColecci\u00f3n: <em>Balandra<\/em>, 2<br \/>\nIdioma: Catal\u00e1n<br \/>\nFormato: tapa blanda, con solapas, 21 x 14 cm<br \/>\nEncuadernaci\u00f3n: R\u00fastica cosida<br \/>\nEn stock: S\u00ed<\/p>\n<hr \/>\n<h3><\/h3>\n<h3 style=\"text-align: center;\">Leer un fragmento del libro<a href=\"https:\/\/editorialmedusa.com\/wp-content\/uploads\/2023\/09\/QUATRE-DONES.jpg\"><img loading=\"lazy\" decoding=\"async\" class=\"aligncenter wp-image-9327 size-medium\" src=\"https:\/\/editorialmedusa.com\/wp-content\/uploads\/2023\/09\/QUATRE-DONES-199x300.jpg\" alt=\"\" width=\"199\" height=\"300\" \/><\/a><\/h3>\n","protected":false},"excerpt":{"rendered":"<p>Hip\u00f2lita, Jer\u00f2nima, Beatriu i Estefania s\u00f3n quatre dones del segle XVI, de les quals s\u2019ha conservat la correspond\u00e8ncia. S\u00f3n dones casades, v\u00eddues i monges que escriuen sobre negocis i plets, per\u00f2 sobretot de la vida quotidiana, de crian\u00e7a, de salut, de minyones, de relacions, de convents i de casoris. L\u2019autora d\u2019aquests relats les coneix b\u00e9, despr\u00e9s de molta intimitat epistolar amb elles quan va estudiar-ne les cartes per a la seva tesi doctoral. Aleshores, imaginant tot all\u00f2 que deien entre l\u00ednies, va convertir la hist\u00f2ria de cada una d\u2019elles en una ficci\u00f3 molt real: <em>real<\/em> perqu\u00e8 totes les protagonistes van existir, i <em>ficci\u00f3<\/em> perqu\u00e8 de cada vida se n\u2019explica en aquest volum una hist\u00f2ria mai contada.<\/p>\n","protected":false},"featured_media":9041,"template":"","meta":[],"product_cat":[88],"product_tag":[],"class_list":{"0":"post-9039","1":"product","2":"type-product","3":"status-publish","4":"has-post-thumbnail","6":"product_author-laia-de-ahumada","7":"product_cat-balandra","10":"first","11":"instock","12":"taxable","13":"shipping-taxable","14":"purchasable","15":"product-type-simple"},"_links":{"self":[{"href":"https:\/\/editorialmedusa.com\/es\/wp-json\/wp\/v2\/product\/9039","targetHints":{"allow":["GET"]}}],"collection":[{"href":"https:\/\/editorialmedusa.com\/es\/wp-json\/wp\/v2\/product"}],"about":[{"href":"https:\/\/editorialmedusa.com\/es\/wp-json\/wp\/v2\/types\/product"}],"wp:featuredmedia":[{"embeddable":true,"href":"https:\/\/editorialmedusa.com\/es\/wp-json\/wp\/v2\/media\/9041"}],"wp:attachment":[{"href":"https:\/\/editorialmedusa.com\/es\/wp-json\/wp\/v2\/media?parent=9039"}],"wp:term":[{"taxonomy":"product_cat","embeddable":true,"href":"https:\/\/editorialmedusa.com\/es\/wp-json\/wp\/v2\/product_cat?post=9039"},{"taxonomy":"product_tag","embeddable":true,"href":"https:\/\/editorialmedusa.com\/es\/wp-json\/wp\/v2\/product_tag?post=9039"}],"curies":[{"name":"wp","href":"https:\/\/api.w.org\/{rel}","templated":true}]}}