{"id":9055,"date":"2022-10-28T12:59:50","date_gmt":"2022-10-28T11:59:50","guid":{"rendered":"https:\/\/editorialmedusa.com\/?post_type=product&#038;p=9055"},"modified":"2023-09-05T11:53:39","modified_gmt":"2023-09-05T10:53:39","slug":"en-la-quietud-del-marmol","status":"publish","type":"product","link":"https:\/\/editorialmedusa.com\/es\/producte\/en-la-quietud-del-marmol\/","title":{"rendered":"En la quietud del m\u00e1rmol"},"content":{"rendered":"<p style=\"text-align: center;\">T\u00edtulo:\u00a0<em>En la quietud del m\u00e1rmol<br \/>\n<\/em>Autora: Teresa Wilms Montt<br \/>\nISBN: 978-84-19202-07-9<br \/>\nPVP:\u00a0 13 \u20ac (impuestos incluidos)<br \/>\nEdita: Medusa<br \/>\nA\u00f1o de edici\u00f3n: 2022<br \/>\nP\u00e1ginas: 120 p.<br \/>\nColecci\u00f3n: <em>Malagua<\/em>, 2<br \/>\nIdioma: Castellano<br \/>\nFormato: tapa blanda, con solapas, 16,5 x 11 cm<br \/>\nEncuadernaci\u00f3n: R\u00fastica cosida<br \/>\nEn stock: S\u00ed<\/p>\n<hr \/>\n<h3><\/h3>\n<h3 style=\"text-align: center;\">Leer un fragmento del libro<a href=\"https:\/\/editorialmedusa.com\/wp-content\/uploads\/2023\/09\/QUIETUD-fagment.pdf\"><img loading=\"lazy\" decoding=\"async\" class=\"aligncenter wp-image-9335 size-medium\" src=\"https:\/\/editorialmedusa.com\/wp-content\/uploads\/2023\/09\/QUIETUD-199x300.jpg\" alt=\"\" width=\"199\" height=\"300\" \/><\/a><\/h3>\n","protected":false},"excerpt":{"rendered":"<p>En esta eleg\u00eda escrita en prosa po\u00e9tica, la voz de Teresa Wilms Montt evoca su amor por Anuar\u00ed, el amante que se suicid\u00f3 en sus brazos y a quien recuerda y a\u00f1ora. Publicado en 1918,\u00a0<em>En la quietud del m\u00e1rmol<\/em>\u00a0presenta el proceso de duelo exacerbado de la protagonista a los pies de su tumba. El libro se basa en la historia vital de Wilms, poetisa chilena, mujer indomable que vivi\u00f3 en Buenos Aires, Madrid y Par\u00eds, y es considerada una de las precursoras del feminismo en el \u00e1mbito literario hispanoamericano. Muri\u00f3 pocos a\u00f1os despu\u00e9s de redactar el libro en circunstancias tan tr\u00e1gicas como lo fuera gran parte de su vida. Su legado de palabras regresa a Espa\u00f1a con plena vigencia un siglo despu\u00e9s de su composici\u00f3n.<\/p>\n","protected":false},"featured_media":9057,"template":"","meta":[],"product_cat":[87],"product_tag":[],"class_list":{"0":"post-9055","1":"product","2":"type-product","3":"status-publish","4":"has-post-thumbnail","6":"product_author-begona-mendez-es","7":"product_author-teresa-wilms-montt","8":"product_cat-malagua","11":"first","12":"instock","13":"taxable","14":"shipping-taxable","15":"purchasable","16":"product-type-simple"},"_links":{"self":[{"href":"https:\/\/editorialmedusa.com\/es\/wp-json\/wp\/v2\/product\/9055","targetHints":{"allow":["GET"]}}],"collection":[{"href":"https:\/\/editorialmedusa.com\/es\/wp-json\/wp\/v2\/product"}],"about":[{"href":"https:\/\/editorialmedusa.com\/es\/wp-json\/wp\/v2\/types\/product"}],"wp:featuredmedia":[{"embeddable":true,"href":"https:\/\/editorialmedusa.com\/es\/wp-json\/wp\/v2\/media\/9057"}],"wp:attachment":[{"href":"https:\/\/editorialmedusa.com\/es\/wp-json\/wp\/v2\/media?parent=9055"}],"wp:term":[{"taxonomy":"product_cat","embeddable":true,"href":"https:\/\/editorialmedusa.com\/es\/wp-json\/wp\/v2\/product_cat?post=9055"},{"taxonomy":"product_tag","embeddable":true,"href":"https:\/\/editorialmedusa.com\/es\/wp-json\/wp\/v2\/product_tag?post=9055"}],"curies":[{"name":"wp","href":"https:\/\/api.w.org\/{rel}","templated":true}]}}