{"id":9132,"date":"2023-01-09T08:41:35","date_gmt":"2023-01-09T07:41:35","guid":{"rendered":"https:\/\/editorialmedusa.com\/?post_type=product&#038;p=9132"},"modified":"2023-09-05T11:55:56","modified_gmt":"2023-09-05T10:55:56","slug":"per-que-no-repensem-el-caniblaisme","status":"publish","type":"product","link":"https:\/\/editorialmedusa.com\/es\/producte\/per-que-no-repensem-el-caniblaisme\/","title":{"rendered":"Per qu\u00e8 no repensem el canibalisme?"},"content":{"rendered":"<p style=\"text-align: center;\">T\u00edtulo: <em>Per qu\u00e8 no repensem el canibalisme?<br \/>\n<\/em>Autor: Albert Pijuan<br \/>\nISBN: 978-84-19202-08-6<br \/>\nPVP:\u00a0 14 \u20ac (impuestos incluidos)<br \/>\nEdita: Medusa<br \/>\nA\u00f1o de edici\u00f3n: 2023<br \/>\nP\u00e1ginas: 144 p.<br \/>\nColecci\u00f3n: <em>Balandra<\/em>, 3<br \/>\nIdioma: Catal\u00e0<br \/>\nFormato: tapa blanda, con solapas, 21 x 14 cm<br \/>\nEncuadernaci\u00f3n: R\u00fastica cosida<br \/>\nEn stock: S\u00ed<\/p>\n<hr \/>\n<h3><\/h3>\n<h3 style=\"text-align: center;\">Leer un fragmento del libro<\/h3>\n<p style=\"text-align: center;\"><a href=\"https:\/\/editorialmedusa.com\/wp-content\/uploads\/2023\/02\/Canibalisme_fragment.pdf\" target=\"_blank\" rel=\"noopener\"><img loading=\"lazy\" decoding=\"async\" class=\"alignnone wp-image-9144 size-medium\" src=\"https:\/\/editorialmedusa.com\/wp-content\/uploads\/2023\/02\/Canibalisme-1-200x300.png\" alt=\"\" width=\"200\" height=\"300\" \/><\/a><\/p>\n","protected":false},"excerpt":{"rendered":"<p>No\u00a0us perdeu aquesta proposta brutal d\u2019un dels grans autors catalans contemporanis. Des del t\u00edtol, la veu en primera persona ens bufeteja amb una pregunta directa i desgrana al llarg del llibre el que considera un plantejament factible o, millor, un pla mercantil v\u00e0lid i viable. Per resumir molt: per qu\u00e8 no comercialitzem i consumim carn humana igual que ho fem amb la d\u2019altres animals? L\u2019opuscle explora, entre altres aspectes, les derivades \u00e8tiques, hist\u00f2riques, socials, log\u00edstiques, econ\u00f2miques i diet\u00e8tiques que implica dur el projecte a la pr\u00e0ctica. Per acompanyar el text de Pijuan, recuperem\u00a0<em>Una proposta modesta<\/em>, el fam\u00f3s pamflet de Swift que funciona aqu\u00ed com un ep\u00edleg asincr\u00f2nic. Un complement ideal per si, en acabar\u00a0<em>Per qu\u00e8 no repensem el canibalisme?,<\/em>\u00a0encara no se us ha regirat l\u2019est\u00f3mac. Bon profit!<\/p>\n","protected":false},"featured_media":9115,"template":"","meta":[],"product_cat":[88],"product_tag":[154,153,152,105],"class_list":{"0":"post-9132","1":"product","2":"type-product","3":"status-publish","4":"has-post-thumbnail","6":"product_author-albert-pijuan","7":"product_author-jonathan-swift-es","8":"product_cat-balandra","9":"product_tag-assaig-es","10":"product_tag-canibalisme","11":"product_tag-canvi-climatic","12":"product_tag-politica","15":"first","16":"instock","17":"taxable","18":"shipping-taxable","19":"purchasable","20":"product-type-simple"},"_links":{"self":[{"href":"https:\/\/editorialmedusa.com\/es\/wp-json\/wp\/v2\/product\/9132","targetHints":{"allow":["GET"]}}],"collection":[{"href":"https:\/\/editorialmedusa.com\/es\/wp-json\/wp\/v2\/product"}],"about":[{"href":"https:\/\/editorialmedusa.com\/es\/wp-json\/wp\/v2\/types\/product"}],"wp:featuredmedia":[{"embeddable":true,"href":"https:\/\/editorialmedusa.com\/es\/wp-json\/wp\/v2\/media\/9115"}],"wp:attachment":[{"href":"https:\/\/editorialmedusa.com\/es\/wp-json\/wp\/v2\/media?parent=9132"}],"wp:term":[{"taxonomy":"product_cat","embeddable":true,"href":"https:\/\/editorialmedusa.com\/es\/wp-json\/wp\/v2\/product_cat?post=9132"},{"taxonomy":"product_tag","embeddable":true,"href":"https:\/\/editorialmedusa.com\/es\/wp-json\/wp\/v2\/product_tag?post=9132"}],"curies":[{"name":"wp","href":"https:\/\/api.w.org\/{rel}","templated":true}]}}