{"id":9178,"date":"2023-04-01T08:56:00","date_gmt":"2023-04-01T07:56:00","guid":{"rendered":"https:\/\/editorialmedusa.com\/?post_type=product&#038;p=9178"},"modified":"2023-12-15T10:37:05","modified_gmt":"2023-12-15T09:37:05","slug":"muertos","status":"publish","type":"product","link":"https:\/\/editorialmedusa.com\/es\/producte\/muertos\/","title":{"rendered":"Muertos, \u00bfqui\u00e9n os ha muerto?"},"content":{"rendered":"<p style=\"text-align: center;\">T\u00edtulo: <em>Muertos, \u00bfqui\u00e9n os ha muerto?<br \/>\n<\/em>Autor: I\u00f1aki Rubio<br \/>\nTraductor: David G\u00e1lvez Casellas<br \/>\nISBN: 978-84-19202-11-6<br \/>\nPVP:\u00a0 22 \u20ac (impuestos incluidos)<br \/>\nEdita: Medusa<br \/>\nA\u00f1o de edici\u00f3n: 2022<br \/>\nP\u00e1ginas: 432 p.<br \/>\nColecci\u00f3n: <em>Aguaviva<\/em>, 3<br \/>\nIdioma: Castellano<br \/>\nFormato: tapa blanda, con solapas, 21 x 13 cm<br \/>\nEncuadernaci\u00f3n: R\u00fastica cosida<br \/>\nEn stock: S\u00ed<\/p>\n<hr \/>\n<h3><\/h3>\n<h3 style=\"text-align: center;\">Leer un fragmento del libro<\/h3>\n<p><a href=\"https:\/\/editorialmedusa.com\/wp-content\/uploads\/2023\/04\/Muertos_frag.pdf\"><img loading=\"lazy\" decoding=\"async\" class=\"size-medium wp-image-9174 aligncenter\" src=\"https:\/\/editorialmedusa.com\/wp-content\/uploads\/2023\/04\/Muertos_intr-186x300.png\" alt=\"\" width=\"186\" height=\"300\" \/><\/a><\/p>\n","protected":false},"excerpt":{"rendered":"<p>Esta historia adictiva es la cr\u00f3nica negra de un fratricidio que conmovi\u00f3 el Pirineo. En Casa Gast\u00f3 resuena un escopetazo que estremece los valles circundantes. Corre el a\u00f1o 1943 en una Andorra que intenta gestionar como buenamente puede los embates del polvor\u00edn europeo. Espa\u00f1a est\u00e1 inmersa en una posguerra dur\u00edsima. Francia sufre la ocupaci\u00f3n de los nazis, interesados en el control de la frontera andorrana. En este contexto de agitaci\u00f3n y violencia, en una familia que se descompone, se produce el crimen m\u00e1s sonado del coprincipado. Meses despu\u00e9s el fratricida es condenado a muerte, humillado y ejecutado en la plaza p\u00fablica. \u00bfCu\u00e1l de las dos muertes fue m\u00e1s injusta? Este libro se plantea respuestas a esa pregunta. Esta es una cr\u00f3nica sobre la extinci\u00f3n de un linaje, pero tambi\u00e9n sobre la destrucci\u00f3n de un modo de vida. Los Gastones nos hablan de la injusticia y la pena de muerte, pero tambi\u00e9n de la crueldad a la que han sido condenados todos aquellos que no tienen una segunda oportunidad en la vida.<\/p>\n","protected":false},"featured_media":9176,"template":"","meta":[],"product_cat":[90],"product_tag":[],"class_list":{"0":"post-9178","1":"product","2":"type-product","3":"status-publish","4":"has-post-thumbnail","6":"product_author-david-galvez-casellas-es","7":"product_author-inaki-rubio","8":"product_cat-aguaviva","11":"first","12":"instock","13":"taxable","14":"shipping-taxable","15":"purchasable","16":"product-type-simple"},"_links":{"self":[{"href":"https:\/\/editorialmedusa.com\/es\/wp-json\/wp\/v2\/product\/9178","targetHints":{"allow":["GET"]}}],"collection":[{"href":"https:\/\/editorialmedusa.com\/es\/wp-json\/wp\/v2\/product"}],"about":[{"href":"https:\/\/editorialmedusa.com\/es\/wp-json\/wp\/v2\/types\/product"}],"wp:featuredmedia":[{"embeddable":true,"href":"https:\/\/editorialmedusa.com\/es\/wp-json\/wp\/v2\/media\/9176"}],"wp:attachment":[{"href":"https:\/\/editorialmedusa.com\/es\/wp-json\/wp\/v2\/media?parent=9178"}],"wp:term":[{"taxonomy":"product_cat","embeddable":true,"href":"https:\/\/editorialmedusa.com\/es\/wp-json\/wp\/v2\/product_cat?post=9178"},{"taxonomy":"product_tag","embeddable":true,"href":"https:\/\/editorialmedusa.com\/es\/wp-json\/wp\/v2\/product_tag?post=9178"}],"curies":[{"name":"wp","href":"https:\/\/api.w.org\/{rel}","templated":true}]}}