{"id":9284,"date":"2023-09-05T07:40:01","date_gmt":"2023-09-05T06:40:01","guid":{"rendered":"https:\/\/editorialmedusa.com\/?post_type=product&#038;p=9284"},"modified":"2023-12-15T10:33:48","modified_gmt":"2023-12-15T09:33:48","slug":"pallid-plato","status":"publish","type":"product","link":"https:\/\/editorialmedusa.com\/es\/producte\/pallid-plato\/","title":{"rendered":"P\u00e0l\u00b7lid Plat\u00f3"},"content":{"rendered":"<p style=\"text-align: center;\">T\u00edtulo: <em>P\u00e0l\u00b7lid Plat\u00f3<br \/>\n<\/em>Autor: Enric Virgili<br \/>\nISBN: 978-84-19202-13-0<br \/>\nPVP:\u00a0 14 \u20ac (impuestos incluidos)<br \/>\nEdita: Medusa<br \/>\nA\u00f1o de edici\u00f3n: 2023<br \/>\nP\u00e1ginas: 168 p.<br \/>\nColecci\u00f3n: <em>Balandra<\/em>, 4<br \/>\nIdioma: Catal\u00e1n<br \/>\nFormato: tapa blanda, con solapas, 21 x 14 cm<br \/>\nEncuadernaci\u00f3n: R\u00fastica cosida<br \/>\nEn stock: S\u00ed<\/p>\n<hr \/>\n<h3><\/h3>\n<h3 style=\"text-align: center;\">Leer un fragmento del libro<a href=\"https:\/\/editorialmedusa.com\/wp-content\/uploads\/2023\/09\/PLATO-fragment.pdf\"><img loading=\"lazy\" decoding=\"async\" class=\"aligncenter wp-image-9340 size-medium\" src=\"https:\/\/editorialmedusa.com\/wp-content\/uploads\/2023\/09\/PLATO-200x300.jpg\" alt=\"\" width=\"200\" height=\"300\" \/><\/a><\/h3>\n","protected":false},"excerpt":{"rendered":"<p>A\u00a0<em>P\u00e0l\u00b7lid Plat\u00f3<\/em>\u00a0les metamorfosis del personatge protagonista, habituals en els llibres anteriors de l\u2019autor, arriben a l\u2019extrem d\u2019impostar la veu del graf\u00f2man Agust\u00ed Esclasans i d\u2019encarnar-se en Heinrich Himmler de visita a Barcelona. A banda d\u2019aix\u00f2, el protagonista llegeix, i deplora, una obra d\u2019un hipot\u00e8tic amic seu segurament imaginari, que deu haver escrit ell mateix. Es tracta de la versificaci\u00f3 de diversos passatges de totes les obres de Plat\u00f3. Els cinc cap\u00edtols del llibre es connecten entre ells per m\u00faltiples resson\u00e0ncies, que fan de l\u2019obra una experi\u00e8ncia inquietant i hilarant alhora, on el sublim el rid\u00edcul caminen de bracet.<\/p>\n","protected":false},"featured_media":9227,"template":"","meta":[],"product_cat":[88],"product_tag":[],"class_list":{"0":"post-9284","1":"product","2":"type-product","3":"status-publish","4":"has-post-thumbnail","6":"product_author-enric-virgili-2","7":"product_brand-medusa","8":"product_cat-balandra","11":"first","12":"instock","13":"taxable","14":"shipping-taxable","15":"purchasable","16":"product-type-simple"},"_links":{"self":[{"href":"https:\/\/editorialmedusa.com\/es\/wp-json\/wp\/v2\/product\/9284","targetHints":{"allow":["GET"]}}],"collection":[{"href":"https:\/\/editorialmedusa.com\/es\/wp-json\/wp\/v2\/product"}],"about":[{"href":"https:\/\/editorialmedusa.com\/es\/wp-json\/wp\/v2\/types\/product"}],"wp:featuredmedia":[{"embeddable":true,"href":"https:\/\/editorialmedusa.com\/es\/wp-json\/wp\/v2\/media\/9227"}],"wp:attachment":[{"href":"https:\/\/editorialmedusa.com\/es\/wp-json\/wp\/v2\/media?parent=9284"}],"wp:term":[{"taxonomy":"product_cat","embeddable":true,"href":"https:\/\/editorialmedusa.com\/es\/wp-json\/wp\/v2\/product_cat?post=9284"},{"taxonomy":"product_tag","embeddable":true,"href":"https:\/\/editorialmedusa.com\/es\/wp-json\/wp\/v2\/product_tag?post=9284"}],"curies":[{"name":"wp","href":"https:\/\/api.w.org\/{rel}","templated":true}]}}