{"id":9358,"date":"2024-03-11T00:45:15","date_gmt":"2024-03-10T23:45:15","guid":{"rendered":"https:\/\/editorialmedusa.com\/?post_type=product&#038;p=9358"},"modified":"2024-01-30T11:58:16","modified_gmt":"2024-01-30T10:58:16","slug":"cossos-estranys","status":"publish","type":"product","link":"https:\/\/editorialmedusa.com\/es\/producte\/cossos-estranys\/","title":{"rendered":"Cossos estranys"},"content":{"rendered":"<p style=\"text-align: center;\">T\u00edtulo: <em>Cossos estranys<br \/>\n<\/em>Autor: Eva Arasa<br \/>\nISBN: 978-84-19202-16-1<br \/>\nPVP:\u00a0 15 \u20ac (impuestos incluidos)<br \/>\nEdita: Medusa<br \/>\nA\u00f1o de edici\u00f3n: 2024<br \/>\nP\u00e1ginas: 172 p.<br \/>\nColecci\u00f3n: <em>Balandra<\/em>, 5<br \/>\nIdioma: Catal\u00e1n<br \/>\nFormato: tapa blanda, con solapas, 16,5 x 11 cm<br \/>\nEncuadernaci\u00f3n: R\u00fastica cosida<br \/>\nEn stock: S\u00ed<\/p>\n<hr \/>\n<h3><\/h3>\n<h3 style=\"text-align: center;\">Leer un fragmento del libro<\/h3>\n<h3 style=\"text-align: center;\"><img loading=\"lazy\" decoding=\"async\" class=\"aligncenter wp-image-8604 size-full\" src=\"https:\/\/editorialmedusa.com\/wp-content\/uploads\/2022\/03\/logo-newsletter-home.png\" alt=\"\" width=\"102\" height=\"102\" \/><\/h3>\n","protected":false},"excerpt":{"rendered":"<p><em>Cossos estranys<\/em> \u00e9s el magn\u00edfic debut narratiu d\u2019Eva Arasa, un volum que ens parla de pors de la ninesa que no acaben de marxar, de finals, de malsons, de purgatoris, de viol\u00e8ncies de tota mena, de dobles, de pobles negats, de despits, de su\u00efcidis, de mals presagis, de masculinitats metzinoses, d\u2019assassinats corporatius, de llops metaf\u00f2rics, de terrors nocturns, de gent que observa dins la fosca, de p\u00e8rdues, de pares trencats, de vides esquin\u00e7ades, d\u2019accidents sospitosos, de serps que xuclen la llet dels pits de les mares, de bogeria, de dolor, de fills morts i fills somniats, de c\u00e0stigs i perdons improbables, de dones que no saben dir que no fins que diuen prou, de gossos amb aversions, de\u2026<\/p>\n","protected":false},"featured_media":9364,"template":"","meta":[],"product_cat":[88],"product_tag":[],"class_list":{"0":"post-9358","1":"product","2":"type-product","3":"status-publish","4":"has-post-thumbnail","6":"product_author-eva-arasa-2","7":"product_brand-medusa","8":"product_cat-balandra","11":"first","12":"instock","13":"taxable","14":"shipping-taxable","15":"purchasable","16":"product-type-simple"},"_links":{"self":[{"href":"https:\/\/editorialmedusa.com\/es\/wp-json\/wp\/v2\/product\/9358","targetHints":{"allow":["GET"]}}],"collection":[{"href":"https:\/\/editorialmedusa.com\/es\/wp-json\/wp\/v2\/product"}],"about":[{"href":"https:\/\/editorialmedusa.com\/es\/wp-json\/wp\/v2\/types\/product"}],"wp:featuredmedia":[{"embeddable":true,"href":"https:\/\/editorialmedusa.com\/es\/wp-json\/wp\/v2\/media\/9364"}],"wp:attachment":[{"href":"https:\/\/editorialmedusa.com\/es\/wp-json\/wp\/v2\/media?parent=9358"}],"wp:term":[{"taxonomy":"product_cat","embeddable":true,"href":"https:\/\/editorialmedusa.com\/es\/wp-json\/wp\/v2\/product_cat?post=9358"},{"taxonomy":"product_tag","embeddable":true,"href":"https:\/\/editorialmedusa.com\/es\/wp-json\/wp\/v2\/product_tag?post=9358"}],"curies":[{"name":"wp","href":"https:\/\/api.w.org\/{rel}","templated":true}]}}