{"id":9397,"date":"2024-02-12T00:45:10","date_gmt":"2024-02-11T23:45:10","guid":{"rendered":"https:\/\/editorialmedusa.com\/?post_type=product&#038;p=9397"},"modified":"2024-08-13T11:11:59","modified_gmt":"2024-08-13T10:11:59","slug":"volves","status":"publish","type":"product","link":"https:\/\/editorialmedusa.com\/es\/producte\/volves\/","title":{"rendered":"Volves"},"content":{"rendered":"<p style=\"text-align: center;\">T\u00edtulo: <em>Volves<br \/>\n<\/em>Autor: Carme Karr<br \/>\nISBN: 978-84-19202-15-4<br \/>\nPVP:\u00a0 18 \u20ac (impuestos incluidos)<br \/>\nEdita: Medusa<br \/>\nA\u00f1o de edici\u00f3n: 2024<br \/>\nP\u00e1ginas: 144 p.<br \/>\nColecci\u00f3n: <em>Borm<\/em>, 5<br \/>\nIdioma: Catal\u00e1n<br \/>\nFormato: tapa blanda, con solapas, 21 x 13 cm<br \/>\nEncuadernaci\u00f3n: R\u00fastica cosida<br \/>\nEn stock: S\u00ed<\/p>\n<hr \/>\n<h3><\/h3>\n<h3 style=\"text-align: center;\">Leer un fragmento del libro<\/h3>\n<h3 style=\"text-align: center;\"><img loading=\"lazy\" decoding=\"async\" class=\"aligncenter wp-image-8604 size-full\" src=\"https:\/\/editorialmedusa.com\/wp-content\/uploads\/2022\/03\/logo-newsletter-home.png\" alt=\"\" width=\"102\" height=\"102\" \/><\/h3>\n","protected":false},"excerpt":{"rendered":"<p><em>Volves<\/em> (1906) \u00e9s un conjunt de set relats \u2014quadrets, si fem cas del subt\u00edtol de la primera edici\u00f3\u2014 plens de nervi verbal, contundents en el fons i representatius de la vida a Catalunya a principi del segle xx. Dividides en dues seccions \u2014\u00abPagesenques\u00bb i \u00abCiutadanes\u00bb\u2014, aquestes proses s\u00f3n il\u00b7lustratives de la personalitat de Carme Karr \u2014avan\u00e7ada per l\u2019\u00e8poca\u2014 i sovint dibuixen la vida de dones valentes que prenen decisions, treballen i lluiten de tu a tu amb els personatges masculins tot i no disposar sempre de les mateixes oportunitats que ells. Se\u2019ns acut que \u00abMaternitats\u00bb podria ser un bon subt\u00edtol per a aquesta nova edici\u00f3 \u2014revisada per Marc Cort\u00e8s per al lector del primer quart del segle xxi i prologada per Josep Llu\u00eds Mart\u00edn i Berbois\u2014, que ens situa la intel\u00b7lectual Karr i la seva obra en el context de l\u2019\u00e8poca.<\/p>\n","protected":false},"featured_media":9394,"template":"","meta":[],"product_cat":[89],"product_tag":[],"class_list":{"0":"post-9397","1":"product","2":"type-product","3":"status-publish","4":"has-post-thumbnail","6":"product_author-carme-karr-2","7":"product_author-josep-lluis-martin-berbois-2","8":"product_brand-medusa","9":"product_cat-borm","12":"first","13":"instock","14":"taxable","15":"shipping-taxable","16":"purchasable","17":"product-type-simple"},"_links":{"self":[{"href":"https:\/\/editorialmedusa.com\/es\/wp-json\/wp\/v2\/product\/9397","targetHints":{"allow":["GET"]}}],"collection":[{"href":"https:\/\/editorialmedusa.com\/es\/wp-json\/wp\/v2\/product"}],"about":[{"href":"https:\/\/editorialmedusa.com\/es\/wp-json\/wp\/v2\/types\/product"}],"wp:featuredmedia":[{"embeddable":true,"href":"https:\/\/editorialmedusa.com\/es\/wp-json\/wp\/v2\/media\/9394"}],"wp:attachment":[{"href":"https:\/\/editorialmedusa.com\/es\/wp-json\/wp\/v2\/media?parent=9397"}],"wp:term":[{"taxonomy":"product_cat","embeddable":true,"href":"https:\/\/editorialmedusa.com\/es\/wp-json\/wp\/v2\/product_cat?post=9397"},{"taxonomy":"product_tag","embeddable":true,"href":"https:\/\/editorialmedusa.com\/es\/wp-json\/wp\/v2\/product_tag?post=9397"}],"curies":[{"name":"wp","href":"https:\/\/api.w.org\/{rel}","templated":true}]}}