{"id":9413,"date":"2024-05-27T00:15:52","date_gmt":"2024-05-26T23:15:52","guid":{"rendered":"https:\/\/editorialmedusa.com\/?post_type=product&#038;p=9413"},"modified":"2024-08-13T11:41:40","modified_gmt":"2024-08-13T10:41:40","slug":"todo-lo-que-no-ocurre","status":"publish","type":"product","link":"https:\/\/editorialmedusa.com\/es\/producte\/todo-lo-que-no-ocurre\/","title":{"rendered":"Todo lo que no ocurre"},"content":{"rendered":"<p style=\"text-align: center;\">T\u00edtulo: <em>Todo lo que no ocurre<br \/>\n<\/em>Autora: Olivia Teroba<br \/>\nISBN: 978-84-19202-17-8<br \/>\nPVP:\u00a0 19 \u20ac (impuestos incluidos)<br \/>\nEdita: Medusa<br \/>\nA\u00f1o de edici\u00f3n: 2024<br \/>\nP\u00e1ginas: 160 p.<br \/>\nColecci\u00f3n: <em>Aguaviva<\/em>, 5<br \/>\nIdioma: Castell\u00e0<br \/>\nFormato: tapa blanda, con solapas, 21 x 13 cm<br \/>\nEncuadernaci\u00f3n: R\u00fastica cosida<br \/>\nEn stock: S\u00ed<\/p>\n<hr \/>\n<h3><\/h3>\n<h3 style=\"text-align: center;\">Leer un fragmento del libro<\/h3>\n<h3 style=\"text-align: center;\"><img loading=\"lazy\" decoding=\"async\" class=\"aligncenter wp-image-8603 size-full\" src=\"https:\/\/editorialmedusa.com\/wp-content\/uploads\/2022\/03\/logo-newsletter-home.png\" alt=\"\" width=\"102\" height=\"102\" \/><\/h3>\n","protected":false},"excerpt":{"rendered":"<p>La literatura de la reconocida escritora mexicana Olivia Teroba ha sido asociada con las de Clarice Lispector, Elena Garro y Marguerite Duras. Esta recopilaci\u00f3n de cuentos, escritos a partir del 2010, refleja su preocupaci\u00f3n por ganar un espacio propio donde ser una misma. En ellos encontramos personajes que indagan en la amistad, el amor o el conocimiento de s\u00ed mediante el arte, las drogas, la m\u00fasica y la contemplaci\u00f3n. Con una prosa que conjuga la minuciosidad requerida en el g\u00e9nero con la experimentaci\u00f3n, Teroba ahonda en la tradici\u00f3n del cuento en Latinoam\u00e9rica con la descripci\u00f3n de mundos internos a trav\u00e9s de un uso del lenguaje que, en su precisi\u00f3n y riqueza, demuestra un profundo conocimiento del oficio de narrar.<\/p>\n","protected":false},"featured_media":9415,"template":"","meta":[],"product_cat":[90],"product_tag":[193,194,195],"class_list":{"0":"post-9413","1":"product","2":"type-product","3":"status-publish","4":"has-post-thumbnail","6":"product_author-olivia-teroba-2","7":"product_brand-medusa","8":"product_cat-aguaviva","9":"product_tag-cuentos-es","10":"product_tag-intimismo-es","11":"product_tag-mexico-es","14":"first","15":"instock","16":"taxable","17":"shipping-taxable","18":"purchasable","19":"product-type-simple"},"_links":{"self":[{"href":"https:\/\/editorialmedusa.com\/es\/wp-json\/wp\/v2\/product\/9413","targetHints":{"allow":["GET"]}}],"collection":[{"href":"https:\/\/editorialmedusa.com\/es\/wp-json\/wp\/v2\/product"}],"about":[{"href":"https:\/\/editorialmedusa.com\/es\/wp-json\/wp\/v2\/types\/product"}],"wp:featuredmedia":[{"embeddable":true,"href":"https:\/\/editorialmedusa.com\/es\/wp-json\/wp\/v2\/media\/9415"}],"wp:attachment":[{"href":"https:\/\/editorialmedusa.com\/es\/wp-json\/wp\/v2\/media?parent=9413"}],"wp:term":[{"taxonomy":"product_cat","embeddable":true,"href":"https:\/\/editorialmedusa.com\/es\/wp-json\/wp\/v2\/product_cat?post=9413"},{"taxonomy":"product_tag","embeddable":true,"href":"https:\/\/editorialmedusa.com\/es\/wp-json\/wp\/v2\/product_tag?post=9413"}],"curies":[{"name":"wp","href":"https:\/\/api.w.org\/{rel}","templated":true}]}}