{"id":9458,"date":"2024-08-26T00:10:34","date_gmt":"2024-08-25T23:10:34","guid":{"rendered":"https:\/\/editorialmedusa.com\/?post_type=product&#038;p=9458"},"modified":"2025-01-10T13:15:00","modified_gmt":"2025-01-10T12:15:00","slug":"tots-els-contes","status":"publish","type":"product","link":"https:\/\/editorialmedusa.com\/es\/producte\/tots-els-contes\/","title":{"rendered":"Tots els contes"},"content":{"rendered":"<p style=\"text-align: center;\">T\u00edtulo:\u00a0<em>Tots els contes<\/em><em><br \/>\n<\/em>Autor: Palmira Vent\u00f3s<br \/>\nISBN: 978-84-19202-18-5<br \/>\nPVP:\u00a0 18 \u20ac (impuestos incluidos)<br \/>\nEdita: Medusa<br \/>\nA\u00f1o de edici\u00f3n: 2024<br \/>\nP\u00e1ginas: 160 p.<br \/>\nColecci\u00f3n: <em>Borm<\/em>, 6<br \/>\nIdioma: Catal\u00e1n<br \/>\nFormato: tapa blanda, con solapas, 21 x 13 cm<br \/>\nEncuadernaci\u00f3n: R\u00fastica cosida<br \/>\nEn stock: S\u00ed<\/p>\n<hr \/>\n<h3><\/h3>\n<h3 style=\"text-align: center;\">Leer un fragmento del libro<\/h3>\n<h3 style=\"text-align: center;\"><img loading=\"lazy\" decoding=\"async\" class=\"aligncenter wp-image-8604 size-full\" src=\"https:\/\/editorialmedusa.com\/wp-content\/uploads\/2022\/03\/logo-newsletter-home.png\" alt=\"\" width=\"102\" height=\"102\" \/><\/h3>\n","protected":false},"excerpt":{"rendered":"<p>Palmira Vent\u00f3s i Cullell, que com a narradora es va donar con\u00e8ixer amb el pseud\u00f2nim de \u00abFelip Palma\u00bb, va comen\u00e7ar a publicar tard i va centrar els \u00faltims anys de la seva vida en l\u2019escriptura per al teatre. A <em>Tots els contes<\/em> hi trobareu dotze textos de llarg\u00e0ria, ambici\u00f3 i estil diversos. Nou es van publicar originalment a les revistes Joventut, La Veu de Catalunya, Emporium, La Tralla i Feminal entre els anys 1902 i 1907. Tres van veure la llum el 1905 en el volum <em>Asprors de la vida<\/em>. Cinc d\u2019aquests relats no havien estat mai editats en llibre. <em>Tots els contes<\/em> recull de manera endre\u00e7ada la narrativa breu completa de Vent\u00f3s, reunida per primer cop en un \u00fanic volum per al lector contemporani.<\/p>\n","protected":false},"featured_media":9447,"template":"","meta":[],"product_cat":[89],"product_tag":[212,92,215,216,214,217,213],"class_list":{"0":"post-9458","1":"product","2":"type-product","3":"status-publish","4":"has-post-thumbnail","6":"product_author-palmira-ventos-2","7":"product_author-rosa-oliveros","8":"product_brand-medusa","9":"product_cat-borm","10":"product_tag-catalunya","11":"product_tag-classic-es","12":"product_tag-contes-es","13":"product_tag-feminal-es","14":"product_tag-narrativa-curta-es","15":"product_tag-recuperacio-es","16":"product_tag-segle-xx-es","19":"first","20":"instock","21":"taxable","22":"shipping-taxable","23":"purchasable","24":"product-type-simple"},"_links":{"self":[{"href":"https:\/\/editorialmedusa.com\/es\/wp-json\/wp\/v2\/product\/9458","targetHints":{"allow":["GET"]}}],"collection":[{"href":"https:\/\/editorialmedusa.com\/es\/wp-json\/wp\/v2\/product"}],"about":[{"href":"https:\/\/editorialmedusa.com\/es\/wp-json\/wp\/v2\/types\/product"}],"wp:featuredmedia":[{"embeddable":true,"href":"https:\/\/editorialmedusa.com\/es\/wp-json\/wp\/v2\/media\/9447"}],"wp:attachment":[{"href":"https:\/\/editorialmedusa.com\/es\/wp-json\/wp\/v2\/media?parent=9458"}],"wp:term":[{"taxonomy":"product_cat","embeddable":true,"href":"https:\/\/editorialmedusa.com\/es\/wp-json\/wp\/v2\/product_cat?post=9458"},{"taxonomy":"product_tag","embeddable":true,"href":"https:\/\/editorialmedusa.com\/es\/wp-json\/wp\/v2\/product_tag?post=9458"}],"curies":[{"name":"wp","href":"https:\/\/api.w.org\/{rel}","templated":true}]}}