{"id":9478,"date":"2025-01-10T13:59:48","date_gmt":"2025-01-10T12:59:48","guid":{"rendered":"https:\/\/editorialmedusa.com\/?post_type=product&#038;p=9478"},"modified":"2025-02-12T17:06:18","modified_gmt":"2025-02-12T16:06:18","slug":"picasso-en-el-pirineo","status":"publish","type":"product","link":"https:\/\/editorialmedusa.com\/es\/producte\/picasso-en-el-pirineo\/","title":{"rendered":"Picasso en el Pirineo"},"content":{"rendered":"<p style=\"text-align: center;\">T\u00edtulo: <em>Picasso en el Pirineo<br \/>\n<\/em>Autor: I\u00f1aki Rubio<br \/>\nISBN: 978-84-19202-20-8<br \/>\nPVP:\u00a0 19 \u20ac (impuestos incluidos)<br \/>\nEdita: Medusa<br \/>\nA\u00f1o de edici\u00f3n: 2024<br \/>\nP\u00e1ginas: 210<br \/>\nColecci\u00f3n: <em>Aguaviva<\/em>, 6<br \/>\nIdioma: Castellano<br \/>\nFormato: tapa blanda, con solapas, 21 x 13 cm<br \/>\nEncuadernaci\u00f3n: R\u00fastica<br \/>\nEn stock: S\u00ed<\/p>\n<hr \/>\n<h3><\/h3>\n<h3 style=\"text-align: center;\">Leer un fragmento del libro<\/h3>\n<h3 style=\"text-align: center;\"><img loading=\"lazy\" decoding=\"async\" class=\"aligncenter wp-image-8603 size-full\" src=\"https:\/\/editorialmedusa.com\/wp-content\/uploads\/2022\/03\/logo-newsletter-home.png\" alt=\"\" width=\"102\" height=\"102\" \/><\/h3>\n","protected":false},"excerpt":{"rendered":"<p>Aunque <em>Les Demoiselles d\u2019Avignon<\/em> de Pablo Picasso vio la luz en Par\u00eds, en realidad fue concebido en G\u00f3sol, un pueblecito catal\u00e1n al pie de la sierra pirenaica del Cad\u00ed. Si alguien lo duda, no tiene m\u00e1s que adentrarse en las p\u00e1ginas de este libro. Esta es la cr\u00f3nica novelada de una revelaci\u00f3n art\u00edstica y de una honda mutaci\u00f3n personal. En 1906, Pablo Picasso se transform\u00f3 en Pau de G\u00f3sol. Junto a su entonces compa\u00f1era sentimental Fernande Olivier, pasa el verano en este entorno r\u00fastico para quedar fascinado por la autenticidad de las costumbres, el territorio y las gentes, adem\u00e1s de por la enigm\u00e1tica Herm\u00ednia, a la que dibujar\u00e1 obsesivamente. Esta fecund\u00edsima estancia supuso para Picasso un viaje radical en el tiempo y el autoconocimiento en el que entr\u00f3 siendo un pintor decimon\u00f3nico y del que sali\u00f3 con el \u00abvirus\u00bb de la modernidad ya inoculado.<\/p>\n","protected":false},"featured_media":9474,"template":"","meta":[],"product_cat":[90],"product_tag":[234,245,242,238,243,237,246,240,239,244,236,235,241],"class_list":{"0":"post-9478","1":"product","2":"type-product","3":"status-publish","4":"has-post-thumbnail","6":"product_author-david-galvez-casellas-es","7":"product_author-inaki-rubio","8":"product_brand-medusa","9":"product_cat-aguaviva","10":"product_tag-andorra","11":"product_tag-arte-es","12":"product_tag-biografia","13":"product_tag-cubismo","14":"product_tag-ficcion","15":"product_tag-gosol","16":"product_tag-historia-es","17":"product_tag-humanidades","18":"product_tag-moderinidad","19":"product_tag-picasso-es","20":"product_tag-pintura","21":"product_tag-pirineos","22":"product_tag-rural","25":"first","26":"instock","27":"taxable","28":"shipping-taxable","29":"purchasable","30":"product-type-simple"},"_links":{"self":[{"href":"https:\/\/editorialmedusa.com\/es\/wp-json\/wp\/v2\/product\/9478","targetHints":{"allow":["GET"]}}],"collection":[{"href":"https:\/\/editorialmedusa.com\/es\/wp-json\/wp\/v2\/product"}],"about":[{"href":"https:\/\/editorialmedusa.com\/es\/wp-json\/wp\/v2\/types\/product"}],"wp:featuredmedia":[{"embeddable":true,"href":"https:\/\/editorialmedusa.com\/es\/wp-json\/wp\/v2\/media\/9474"}],"wp:attachment":[{"href":"https:\/\/editorialmedusa.com\/es\/wp-json\/wp\/v2\/media?parent=9478"}],"wp:term":[{"taxonomy":"product_cat","embeddable":true,"href":"https:\/\/editorialmedusa.com\/es\/wp-json\/wp\/v2\/product_cat?post=9478"},{"taxonomy":"product_tag","embeddable":true,"href":"https:\/\/editorialmedusa.com\/es\/wp-json\/wp\/v2\/product_tag?post=9478"}],"curies":[{"name":"wp","href":"https:\/\/api.w.org\/{rel}","templated":true}]}}