{"id":9487,"date":"2024-09-05T00:10:58","date_gmt":"2024-09-04T23:10:58","guid":{"rendered":"https:\/\/editorialmedusa.com\/producte\/deu-annexos-2\/"},"modified":"2025-01-10T14:26:04","modified_gmt":"2025-01-10T13:26:04","slug":"deu-annexos","status":"publish","type":"product","link":"https:\/\/editorialmedusa.com\/es\/producte\/deu-annexos\/","title":{"rendered":"Deu annexos a la mort d&#8217;Al\u00edcia Pin\u00f3s"},"content":{"rendered":"<p style=\"text-align: center;\">T\u00edtulo: <em>Deu annexos a la mort d&#8217;Al\u00edcia Pin\u00f3s<br \/>\n<\/em>Autora: Rosa Olsa<br \/>\nISBN: 978-84-19202-19-2<br \/>\nPVP:\u00a0 18 \u20ac (impuestos incluidos)<br \/>\nEdita: Medusa<br \/>\nA\u00f1o de edici\u00f3n: 2024<br \/>\nP\u00e1ginas: 152<br \/>\nColecci\u00f3n: <em>Borm<\/em>, 7<br \/>\nIdioma: Catal\u00e1n<br \/>\nFormato: tapa blanda, con solapas, 21 x 13 cm<br \/>\nEncuadernaci\u00f3n: R\u00fastica<br \/>\nEn stock: S\u00ed<\/p>\n<hr \/>\n<h3><\/h3>\n<h3 style=\"text-align: center;\">Leer un fragmento del libro<\/h3>\n<h3 style=\"text-align: center;\"><img loading=\"lazy\" decoding=\"async\" class=\"aligncenter wp-image-8603 size-full\" src=\"https:\/\/editorialmedusa.com\/wp-content\/uploads\/2022\/03\/logo-newsletter-home.png\" alt=\"\" width=\"102\" height=\"102\" \/><\/h3>\n","protected":false},"excerpt":{"rendered":"<p class=\"ql-align-justify\">En una Barcelona freda i a estones hostil, troben el cos sense vida i amb signes de viol\u00e8ncia de l\u2019Al\u00edcia Pin\u00f3s, una noia de dinou anys que, pel que indica l\u2019aut\u00f2psia, mor embarassada de tres mesos. La Catalina Benejam, agent del Cos dels Mossos d\u2019Esquadra intenta de manera desesperada, la nit abans de la vista final del judici, acabar de demostrar que l\u2019inculpat \u00e9s innocent. A partir d\u2019aquesta carrera fren\u00e8tica contra el rellotge s\u2019esdevenen una s\u00e8rie d\u2019episodis que despleguen la hist\u00f2ria en dos pl\u00e0nols diferents: el de la mort de l\u2019Al\u00edcia Pin\u00f3s i el de les vides dels personatges, que corren de manera paral\u00b7lela i s\u2019alimenten m\u00fatuament. Tots els fils que es debanen de les diverses troques formen el cabdell amb qu\u00e8 es teixeix la hist\u00f2ria, el cap del qual no es troba fins a arribar al final. A partir d\u2019una estructura de fets entrelligats, es q\u00fcestionen conceptes com els de just\u00edcia, fidelitat, maternitat o, fins i tot, el de l\u2019art. El paper dels personatges femenins actua de basament per construir el relat, i la hist\u00f2ria, tot i centrar-se en una mort, parla, sense l\u00edmits, de la vida.<\/p>\n","protected":false},"featured_media":9442,"template":"","meta":[],"product_cat":[89],"product_tag":[227,192,229,230,233,175],"class_list":{"0":"post-9487","1":"product","2":"type-product","3":"status-publish","4":"has-post-thumbnail","6":"product_author-rosa-olsa-2","7":"product_brand-medusa","8":"product_cat-borm","9":"product_tag-barcelona-es","10":"product_tag-contemporanea","11":"product_tag-noir-es","12":"product_tag-novella-negra-es","13":"product_tag-policiaca-es","14":"product_tag-thriller-es","17":"first","18":"instock","19":"taxable","20":"shipping-taxable","21":"purchasable","22":"product-type-simple"},"_links":{"self":[{"href":"https:\/\/editorialmedusa.com\/es\/wp-json\/wp\/v2\/product\/9487","targetHints":{"allow":["GET"]}}],"collection":[{"href":"https:\/\/editorialmedusa.com\/es\/wp-json\/wp\/v2\/product"}],"about":[{"href":"https:\/\/editorialmedusa.com\/es\/wp-json\/wp\/v2\/types\/product"}],"wp:featuredmedia":[{"embeddable":true,"href":"https:\/\/editorialmedusa.com\/es\/wp-json\/wp\/v2\/media\/9442"}],"wp:attachment":[{"href":"https:\/\/editorialmedusa.com\/es\/wp-json\/wp\/v2\/media?parent=9487"}],"wp:term":[{"taxonomy":"product_cat","embeddable":true,"href":"https:\/\/editorialmedusa.com\/es\/wp-json\/wp\/v2\/product_cat?post=9487"},{"taxonomy":"product_tag","embeddable":true,"href":"https:\/\/editorialmedusa.com\/es\/wp-json\/wp\/v2\/product_tag?post=9487"}],"curies":[{"name":"wp","href":"https:\/\/api.w.org\/{rel}","templated":true}]}}