{"id":9502,"date":"2025-02-20T00:00:19","date_gmt":"2025-02-19T23:00:19","guid":{"rendered":"https:\/\/editorialmedusa.com\/?post_type=product&#038;p=9502"},"modified":"2025-02-13T15:08:12","modified_gmt":"2025-02-13T14:08:12","slug":"colls-dampolla","status":"publish","type":"product","link":"https:\/\/editorialmedusa.com\/es\/producte\/colls-dampolla\/","title":{"rendered":"Colls d&#8217;ampolla"},"content":{"rendered":"<p style=\"text-align: center;\">T\u00edtulo: <em>Colls d&#8217;ampolla<br \/>\n<\/em>Autor: Marc Cort\u00e8s Minguet<br \/>\nISBN: 978-84-19202-21-5<br \/>\nPVP:\u00a0 19 \u20ac (impuestos incluidos)<br \/>\nEdita: Medusa<br \/>\nA\u00f1o de edici\u00f3n: 2025<br \/>\nP\u00e1ginas: 178<br \/>\nColecci\u00f3n: <em>Borm<\/em>, 8<br \/>\nIdioma: Catal\u00e1n<br \/>\nFormato: tapa blanda, con solapas, 21 x 15 cm<br \/>\nEncuadernaci\u00f3n: R\u00fastica<br \/>\nEn stock: S\u00ed<\/p>\n<hr \/>\n<h3><\/h3>\n<h3 style=\"text-align: center;\">Leer un fragmento del libro<\/h3>\n<h3 style=\"text-align: center;\"><img loading=\"lazy\" decoding=\"async\" class=\"aligncenter wp-image-8603 size-full\" src=\"https:\/\/editorialmedusa.com\/wp-content\/uploads\/2022\/03\/logo-newsletter-home.png\" alt=\"\" width=\"102\" height=\"102\" \/><\/h3>\n","protected":false},"excerpt":{"rendered":"<p>Hist\u00f2ries creuades i vides marcades per decisions i circumst\u00e0ncies que porten els protagonistes al l\u00edmit. El Roc, atrapat en el cicle de matrimonis fallits i addiccions, busca el seu lloc en un m\u00f3n que l\u2019empeny a replantejar-s\u2019ho tot. El Jofre intenta sobreviure a la incertesa laboral, la soledat i els propis fantasmes mentre descobreix els fils ocults de la corrupci\u00f3. Enmig d\u2019altres lluites internes del dia a dia, tenen necessitats universals: cerquen l\u2019amor i miren d\u2019escapar de la buidor.<\/p>\n<p>A trav\u00e9s d\u2019onze relats entrella\u00e7ats,\u00a0<em>Colls d\u2019ampolla<\/em>\u00a0dissecciona amb una barreja de sal grossa, drama, humor, sensibilitat i erotisme les fissures d\u2019una societat insatisfeta i les conseq\u00fc\u00e8ncies de viure al l\u00edmit. Ens parla d\u2019infidelitats, depend\u00e8ncia, redempci\u00f3 i humanitat mitjan\u00e7ant una estructura \u00e0gil i personatges amb moltes capes, com la intel\u00b7lig\u00e8ncia artificial, protagonista de l\u2019acci\u00f3. Al llibre, com als colls d\u2019ampolla, la vida sovint s\u2019encalla per continuar fluint si hi apliquem prou pressi\u00f3.<\/p>\n","protected":false},"featured_media":9501,"template":"","meta":[],"product_cat":[89],"product_tag":[262,192,263,264,265,266,267,268,269,270,271],"class_list":{"0":"post-9502","1":"product","2":"type-product","3":"status-publish","4":"has-post-thumbnail","6":"product_author-marc-cortes-minguet","7":"product_brand-medusa","8":"product_cat-borm","9":"product_tag-addiccio-es","10":"product_tag-contemporanea","11":"product_tag-cures-es","12":"product_tag-desmor-es","13":"product_tag-divorci-es","14":"product_tag-ficcio-es","15":"product_tag-infidelitat-es","16":"product_tag-personatges-es","17":"product_tag-premiat-es","18":"product_tag-salut-mental-es","19":"product_tag-societat-es","22":"first","23":"instock","24":"taxable","25":"shipping-taxable","26":"purchasable","27":"product-type-simple"},"_links":{"self":[{"href":"https:\/\/editorialmedusa.com\/es\/wp-json\/wp\/v2\/product\/9502","targetHints":{"allow":["GET"]}}],"collection":[{"href":"https:\/\/editorialmedusa.com\/es\/wp-json\/wp\/v2\/product"}],"about":[{"href":"https:\/\/editorialmedusa.com\/es\/wp-json\/wp\/v2\/types\/product"}],"wp:featuredmedia":[{"embeddable":true,"href":"https:\/\/editorialmedusa.com\/es\/wp-json\/wp\/v2\/media\/9501"}],"wp:attachment":[{"href":"https:\/\/editorialmedusa.com\/es\/wp-json\/wp\/v2\/media?parent=9502"}],"wp:term":[{"taxonomy":"product_cat","embeddable":true,"href":"https:\/\/editorialmedusa.com\/es\/wp-json\/wp\/v2\/product_cat?post=9502"},{"taxonomy":"product_tag","embeddable":true,"href":"https:\/\/editorialmedusa.com\/es\/wp-json\/wp\/v2\/product_tag?post=9502"}],"curies":[{"name":"wp","href":"https:\/\/api.w.org\/{rel}","templated":true}]}}