{"id":9515,"date":"2025-03-03T00:00:50","date_gmt":"2025-03-02T23:00:50","guid":{"rendered":"https:\/\/editorialmedusa.com\/?post_type=product&#038;p=9515"},"modified":"2025-02-13T15:34:32","modified_gmt":"2025-02-13T14:34:32","slug":"lanima-separada-del-cos","status":"publish","type":"product","link":"https:\/\/editorialmedusa.com\/es\/producte\/lanima-separada-del-cos\/","title":{"rendered":"L&#8217;\u00e0nima separada del cos"},"content":{"rendered":"<p style=\"text-align: center;\">T\u00edtulo: <em>L&#8217;\u00e0nima separada del cos<br \/>\n<\/em>Autora: Eva Arasa Alrimira<br \/>\nISBN: 978-84-19202-22-2<br \/>\nPVP: 21 \u20ac (impuestos incluidos)<br \/>\nEdita: Medusa<br \/>\nA\u00f1o de edici\u00f3n: 2025<br \/>\nP\u00e1ginas: 257<br \/>\nColecci\u00f3n: <em>Borm<\/em>, 9<br \/>\nIdioma: Catal\u00e1n<br \/>\nFormato: tapa blanda, con solapas, 21 x 15 cm<br \/>\nEncuadernaci\u00f3n: R\u00fastica<br \/>\nEn stock: S\u00ed<\/p>\n<hr \/>\n<h3><\/h3>\n<h3 style=\"text-align: center;\">Leer un fragmento del libro<\/h3>\n<h3 style=\"text-align: center;\"><img loading=\"lazy\" decoding=\"async\" class=\"aligncenter wp-image-8603 size-full\" src=\"https:\/\/editorialmedusa.com\/wp-content\/uploads\/2022\/03\/logo-newsletter-home.png\" alt=\"\" width=\"102\" height=\"102\" \/><\/h3>\n","protected":false},"excerpt":{"rendered":"<p>Matinada de l\u20191 de novembre de 2019. Un grup de nois decideix allargar la festa al berenador dels Prats de la Farga, a tocar del riu d\u2019Os de Civ\u00eds. Quan un d\u2019ells s\u2019allunya de la resta, descobreix el cos nu d\u2019una jove amb signes evidents de viol\u00e8ncia.<\/p>\n<p>La inspectora Elisa Blanch, del grup de delictes contra les persones, rep l\u2019enc\u00e0rrec de coordinar la investigaci\u00f3. La v\u00edctima \u00e9s la Cl\u00e0udia Bosch, una noia de divuit anys que, com ella, havia patit assetjament escolar. Les coincid\u00e8ncies obren la porta a records que l\u2019Elisa preferiria no haver de reviure: els crits dels companys \u2013Bruixa, bruixa, bruixa!\u2013 i una experi\u00e8ncia traum\u00e0tica que es remunta a la nit de la castanyada de quinze anys enrere.<\/p>\n<p>Una novel\u00b7la sobre els silencis c\u00f2mplices i les cicatrius que no es veuen.<\/p>\n","protected":false},"featured_media":9506,"template":"","meta":[],"product_cat":[89],"product_tag":[234,226,279,280,281,282,229,233,175],"class_list":{"0":"post-9515","1":"product","2":"type-product","3":"status-publish","4":"has-post-thumbnail","6":"product_author-eva-arasa-2","7":"product_brand-medusa","8":"product_cat-borm","9":"product_tag-andorra","10":"product_tag-assassinat-es","11":"product_tag-bruixes-es","12":"product_tag-contemporania-es","13":"product_tag-crim-es","14":"product_tag-feminisme-es","15":"product_tag-noir-es","16":"product_tag-policiaca-es","17":"product_tag-thriller-es","20":"first","21":"instock","22":"taxable","23":"shipping-taxable","24":"purchasable","25":"product-type-simple"},"_links":{"self":[{"href":"https:\/\/editorialmedusa.com\/es\/wp-json\/wp\/v2\/product\/9515","targetHints":{"allow":["GET"]}}],"collection":[{"href":"https:\/\/editorialmedusa.com\/es\/wp-json\/wp\/v2\/product"}],"about":[{"href":"https:\/\/editorialmedusa.com\/es\/wp-json\/wp\/v2\/types\/product"}],"wp:featuredmedia":[{"embeddable":true,"href":"https:\/\/editorialmedusa.com\/es\/wp-json\/wp\/v2\/media\/9506"}],"wp:attachment":[{"href":"https:\/\/editorialmedusa.com\/es\/wp-json\/wp\/v2\/media?parent=9515"}],"wp:term":[{"taxonomy":"product_cat","embeddable":true,"href":"https:\/\/editorialmedusa.com\/es\/wp-json\/wp\/v2\/product_cat?post=9515"},{"taxonomy":"product_tag","embeddable":true,"href":"https:\/\/editorialmedusa.com\/es\/wp-json\/wp\/v2\/product_tag?post=9515"}],"curies":[{"name":"wp","href":"https:\/\/api.w.org\/{rel}","templated":true}]}}