{"id":9524,"date":"2025-05-12T00:00:22","date_gmt":"2025-05-11T23:00:22","guid":{"rendered":"https:\/\/editorialmedusa.com\/?post_type=product&#038;p=9524"},"modified":"2025-04-08T11:36:29","modified_gmt":"2025-04-08T10:36:29","slug":"xarnego","status":"publish","type":"product","link":"https:\/\/editorialmedusa.com\/es\/producte\/xarnego\/","title":{"rendered":"Xarnego"},"content":{"rendered":"<p style=\"text-align: center;\">T\u00edtulo: <em>Xarnego<br \/>\n<\/em>Autor: Txema D\u00edaz-Torrent<br \/>\nISBN: 978-84-19202-23-9<br \/>\nPVP:\u00a0 16 \u20ac (impuestos incluidos)<br \/>\nEdita: Medusa<br \/>\nA\u00f1o de edici\u00f3n: 2025<br \/>\nP\u00e1ginas: 208 p.<br \/>\nColecci\u00f3n: <em>Balandra<\/em>, 6<br \/>\nIdioma: Catal\u00e1n<br \/>\nFormato: tapa blanda, con solapas, 16,5 x 11 cm<br \/>\nEncuadernaci\u00f3n: R\u00fastica cosida<br \/>\nEn stock: S\u00ed<\/p>\n<hr \/>\n<h3><\/h3>\n<h3 style=\"text-align: center;\">Leer un fragmento del libro<\/h3>\n<h3 style=\"text-align: center;\"><img loading=\"lazy\" decoding=\"async\" class=\"aligncenter wp-image-8604 size-full\" src=\"https:\/\/editorialmedusa.com\/wp-content\/uploads\/2022\/03\/logo-newsletter-home.png\" alt=\"\" width=\"102\" height=\"102\" \/><\/h3>\n","protected":false},"excerpt":{"rendered":"<p>Un nen setmes\u00f3 i esquerr\u00e0 amb trets disl\u00e8ctics i dificultats per orientar-se que sovint passa els diumenges a Barcelona amb la fam\u00edlia, que s\u2019escapa com pot dels afanys de la seva germana per liquidar-lo, que va a un col\u00b7legi on treballa un conserge amb habilitats paranormals, que es busca la vida amb \u00e0vies i tietes per aconseguir quatre monedes i que un bon dia, ja m\u00e9s gran, se salva de miracle de morir ofegat en un tsunami de semen. Aquest nen-adolescent que protagonitza\u00a0<em>Xarnego<\/em>\u00a0se\u2019ns adre\u00e7a amb una mirada ir\u00f2nica i divertida, no exempta d\u2019emotivitat, en un esfor\u00e7 per entendre el seu entorn i a si mateix. A mesura que ho fa, en un intent de fixar-lo en la mem\u00f2ria, aixeca acta del m\u00f3n dels anys setanta i vuitanta a la Barcelona metropolitana que va veure\u2019l cr\u00e9ixer, sobreviure, estimar i enyorar.<\/p>\n","protected":false},"featured_media":9522,"template":"","meta":[],"product_cat":[88],"product_tag":[294,295,296,227,242,280,297,298,299,300,301,302,303,304],"class_list":{"0":"post-9524","1":"product","2":"type-product","3":"status-publish","4":"has-post-thumbnail","6":"product_author-txema-diaz-torrent","7":"product_brand-medusa","8":"product_cat-balandra","9":"product_tag-70s-es","10":"product_tag-80s-es","11":"product_tag-adolescencia-es","12":"product_tag-barcelona-es","13":"product_tag-biografia","14":"product_tag-contemporania-es","15":"product_tag-dietari-es","16":"product_tag-extraradi-es","17":"product_tag-identitat-es","18":"product_tag-infancia-es","19":"product_tag-llengua-es","20":"product_tag-marge-es","21":"product_tag-ripollet-es","22":"product_tag-territori-es","25":"first","26":"instock","27":"taxable","28":"shipping-taxable","29":"purchasable","30":"product-type-simple"},"_links":{"self":[{"href":"https:\/\/editorialmedusa.com\/es\/wp-json\/wp\/v2\/product\/9524","targetHints":{"allow":["GET"]}}],"collection":[{"href":"https:\/\/editorialmedusa.com\/es\/wp-json\/wp\/v2\/product"}],"about":[{"href":"https:\/\/editorialmedusa.com\/es\/wp-json\/wp\/v2\/types\/product"}],"wp:featuredmedia":[{"embeddable":true,"href":"https:\/\/editorialmedusa.com\/es\/wp-json\/wp\/v2\/media\/9522"}],"wp:attachment":[{"href":"https:\/\/editorialmedusa.com\/es\/wp-json\/wp\/v2\/media?parent=9524"}],"wp:term":[{"taxonomy":"product_cat","embeddable":true,"href":"https:\/\/editorialmedusa.com\/es\/wp-json\/wp\/v2\/product_cat?post=9524"},{"taxonomy":"product_tag","embeddable":true,"href":"https:\/\/editorialmedusa.com\/es\/wp-json\/wp\/v2\/product_tag?post=9524"}],"curies":[{"name":"wp","href":"https:\/\/api.w.org\/{rel}","templated":true}]}}