{"id":9542,"date":"2025-08-25T00:00:57","date_gmt":"2025-08-24T23:00:57","guid":{"rendered":"https:\/\/editorialmedusa.com\/?post_type=product&#038;p=9542"},"modified":"2025-12-10T17:55:24","modified_gmt":"2025-12-10T16:55:24","slug":"un-centaure-a-la-rambla","status":"publish","type":"product","link":"https:\/\/editorialmedusa.com\/es\/producte\/un-centaure-a-la-rambla\/","title":{"rendered":"Un centaure a la Rambla"},"content":{"rendered":"<p style=\"text-align: center;\">T\u00edtulo: <em>Un centaure a la Rambla<br \/>\n<\/em>Autor: Ramon Revent\u00f3s<br \/>\nProloguista: Enric Gom\u00e0<br \/>\nIlustradora: Alba Feito<br \/>\nISBN: 978-84-19202-24-6<br \/>\nPVP: 22 \u20ac (impuestos incluidos)<br \/>\nEdita: Medusa<br \/>\nA\u00f1o de edici\u00f3n: 2025<br \/>\nP\u00e1ginas: 282<br \/>\nColecci\u00f3n: <em>Borm<\/em>, 10<br \/>\nIdioma: Catal\u00e1n<br \/>\nFormato: tapa blanda, con solapas, 21 x 15 cm<br \/>\nEncuadernaci\u00f3n: R\u00fastica<br \/>\nEn stock: S\u00ed<\/p>\n<hr \/>\n<h3><\/h3>\n<h3 style=\"text-align: center;\">Leer un fragmento del libro<\/h3>\n<h3 style=\"text-align: center;\"><img loading=\"lazy\" decoding=\"async\" class=\"aligncenter wp-image-8603 size-full\" src=\"https:\/\/editorialmedusa.com\/wp-content\/uploads\/2022\/03\/logo-newsletter-home.png\" alt=\"\" width=\"102\" height=\"102\" \/><\/h3>\n","protected":false},"excerpt":{"rendered":"<p><em>Un centaure a la Rambla<\/em> de Ramon Revent\u00f3s \u00e9s l\u2019antologia ideal perqu\u00e8 el lector del segle XXI descobreixi un excepcional autor catal\u00e0 de prosa divertida, fresca i imaginativa que en vida no va arribar a reunir mai en un volum els textos disseminats al llarg de m\u00e9s de dues d\u00e8cades en publicacions humor\u00edstiques com <em>Papitu<\/em>, <em>Picarol<\/em>, <em>L\u2019Esquella de la Torratxa<\/em> o <em>Revista Nova<\/em>. Les proses triades per Enric Gom\u00e0 \u2014d\u2019un catal\u00e0 alhora \u00abmolt de Barcelona\u00bb i sovint po\u00e8ticament afortunat\u2014 s\u00f3n una combinaci\u00f3 poc freq\u00fcent del costumisme urb\u00e0 d\u2019Emili Vilanova o Santiago Rusi\u00f1ol, de la tradici\u00f3 sat\u00edrica pr\u00f2pia dels setmanaris populars i d\u2019una sensibilitat particular\u00edssima que s\u2019avan\u00e7a a procediments que la literatura catalana retroba amb Francesc Trabal o Pere Calders. Les il\u00b7lustracions d\u2019Alba Feito comparteixen l\u2019esperit juganer, eminentment modern i enginy\u00f3s de les proses.<\/p>\n","protected":false},"featured_media":9534,"template":"","meta":[],"product_cat":[89],"product_tag":[319,227,316,317,320,318,321,103,322],"class_list":{"0":"post-9542","1":"product","2":"type-product","3":"status-publish","4":"has-post-thumbnail","6":"product_author-alba-feito","7":"product_author-enric-goma","8":"product_author-ramon-reventos","9":"product_brand-medusa","10":"product_cat-borm","11":"product_tag-antologia-es","12":"product_tag-barcelona-es","13":"product_tag-clasico","14":"product_tag-costumbrismo-urbano","15":"product_tag-humor-es","16":"product_tag-libro-ilustrado","17":"product_tag-literatura-catalana-es","18":"product_tag-prosa-es","19":"product_tag-satira-es","22":"first","23":"instock","24":"taxable","25":"shipping-taxable","26":"purchasable","27":"product-type-simple"},"_links":{"self":[{"href":"https:\/\/editorialmedusa.com\/es\/wp-json\/wp\/v2\/product\/9542","targetHints":{"allow":["GET"]}}],"collection":[{"href":"https:\/\/editorialmedusa.com\/es\/wp-json\/wp\/v2\/product"}],"about":[{"href":"https:\/\/editorialmedusa.com\/es\/wp-json\/wp\/v2\/types\/product"}],"wp:featuredmedia":[{"embeddable":true,"href":"https:\/\/editorialmedusa.com\/es\/wp-json\/wp\/v2\/media\/9534"}],"wp:attachment":[{"href":"https:\/\/editorialmedusa.com\/es\/wp-json\/wp\/v2\/media?parent=9542"}],"wp:term":[{"taxonomy":"product_cat","embeddable":true,"href":"https:\/\/editorialmedusa.com\/es\/wp-json\/wp\/v2\/product_cat?post=9542"},{"taxonomy":"product_tag","embeddable":true,"href":"https:\/\/editorialmedusa.com\/es\/wp-json\/wp\/v2\/product_tag?post=9542"}],"curies":[{"name":"wp","href":"https:\/\/api.w.org\/{rel}","templated":true}]}}