{"id":9544,"date":"2025-08-25T00:00:21","date_gmt":"2025-08-24T23:00:21","guid":{"rendered":"https:\/\/editorialmedusa.com\/?post_type=product&#038;p=9544"},"modified":"2025-12-10T17:57:04","modified_gmt":"2025-12-10T16:57:04","slug":"matermorfosis","status":"publish","type":"product","link":"https:\/\/editorialmedusa.com\/es\/producte\/matermorfosis\/","title":{"rendered":"Matermorfosis"},"content":{"rendered":"<p style=\"text-align: center;\">T\u00edtulo: <em>Matermorfosis<br \/>\n<\/em>Autora: Laura Tom\u00e0s Mora<br \/>\nISBN: 978-84-19202-25-3<br \/>\nPVP: 20 \u20ac (impuestos incluidos)<br \/>\nEdita: Medusa<br \/>\nA\u00f1o de edici\u00f3n: 2025<br \/>\nP\u00e1ginas: 179<br \/>\nColecci\u00f3n: <em>Borm<\/em>, 11<br \/>\nIdioma: Catal\u00e1n<br \/>\nFormato: tapa blanda, con solapas, 21 x 15 cm<br \/>\nEncuadernaci\u00f3n: R\u00fastica<br \/>\nEn stock: S\u00ed<\/p>\n<hr \/>\n<h3><\/h3>\n<h3 style=\"text-align: center;\">Leer un fragmento del libro<\/h3>\n<h3 style=\"text-align: center;\"><img loading=\"lazy\" decoding=\"async\" class=\"aligncenter wp-image-8603 size-full\" src=\"https:\/\/editorialmedusa.com\/wp-content\/uploads\/2022\/03\/logo-newsletter-home.png\" alt=\"\" width=\"102\" height=\"102\" \/><\/h3>\n","protected":false},"excerpt":{"rendered":"<p>I si la maternitat fos un element de transformaci\u00f3 absolut, poder\u00f3s, salvatge i dolor\u00f3s? <em>Matermorfosis<\/em> ens submergeix en disset relats de dones que s\u2019enfronten a l\u2019amor, la maternitat, la p\u00e8rdua, el desig, la transformaci\u00f3, la fam\u00edlia, la viol\u00e8ncia, la repetici\u00f3 i la mem\u00f2ria des del llindar de l\u2019exist\u00e8ncia o des de llocs fins ara impensats dins de la literatura catalana contempor\u00e0nia. Amb una prosa l\u00edrica, precisa i afuada, Laura Tom\u00e0s Mora conjura criatures que mai no van ser, que neixen i desapareixen; mares i fills que desafien els l\u00edmits del cos o que estimen m\u00e9s enll\u00e0 del cos; mons que bateguen amb el desig d\u2019una altra realitat i en qu\u00e8 la mem\u00f2ria i la por adopten formes radicals. <em>Matermorfosis<\/em> \u00e9s un mostrari desbordant i fascinador de les immenses possibilitats contingudes dins les literatures fant\u00e0stiques i especulatives.<\/p>\n","protected":false},"featured_media":9539,"template":"","meta":[],"product_cat":[89],"product_tag":[192,174,323,321,326,324,325],"class_list":{"0":"post-9544","1":"product","2":"type-product","3":"status-publish","4":"has-post-thumbnail","6":"product_author-laura-tomas-mora","7":"product_brand-medusa","8":"product_cat-borm","9":"product_tag-contemporanea","10":"product_tag-fantasia-es","11":"product_tag-feminismo","12":"product_tag-literatura-catalana-es","13":"product_tag-literatura-especulativa-es","14":"product_tag-maternidad","15":"product_tag-relatos","18":"first","19":"instock","20":"taxable","21":"shipping-taxable","22":"purchasable","23":"product-type-simple"},"_links":{"self":[{"href":"https:\/\/editorialmedusa.com\/es\/wp-json\/wp\/v2\/product\/9544","targetHints":{"allow":["GET"]}}],"collection":[{"href":"https:\/\/editorialmedusa.com\/es\/wp-json\/wp\/v2\/product"}],"about":[{"href":"https:\/\/editorialmedusa.com\/es\/wp-json\/wp\/v2\/types\/product"}],"wp:featuredmedia":[{"embeddable":true,"href":"https:\/\/editorialmedusa.com\/es\/wp-json\/wp\/v2\/media\/9539"}],"wp:attachment":[{"href":"https:\/\/editorialmedusa.com\/es\/wp-json\/wp\/v2\/media?parent=9544"}],"wp:term":[{"taxonomy":"product_cat","embeddable":true,"href":"https:\/\/editorialmedusa.com\/es\/wp-json\/wp\/v2\/product_cat?post=9544"},{"taxonomy":"product_tag","embeddable":true,"href":"https:\/\/editorialmedusa.com\/es\/wp-json\/wp\/v2\/product_tag?post=9544"}],"curies":[{"name":"wp","href":"https:\/\/api.w.org\/{rel}","templated":true}]}}